{"id":370,"date":"2022-01-30T21:26:06","date_gmt":"2022-01-30T21:26:06","guid":{"rendered":"http:\/\/localhost\/explomin\/perforacion-geotecnica\/"},"modified":"2025-07-16T01:09:15","modified_gmt":"2025-07-16T06:09:15","slug":"geotechnical-drilling","status":"publish","type":"page","link":"https:\/\/explomin.com\/en\/services\/geotechnical-drilling\/","title":{"rendered":"Geotechnical Drilling"},"content":{"rendered":"<div class=\"wpb-content-wrapper\"><p>[vc_section][vc_row full_width=&#8221;stretch_row&#8221; parallax=&#8221;content-moving&#8221; parallax_image=&#8221;648&#8243; parallax_speed_bg=&#8221;1&#8243; css_animation=&#8221;none&#8221; el_class=&#8221;banner_servicio&#8221;][vc_column width=&#8221;1\/2&#8243;][\/vc_column][vc_column width=&#8221;1\/2&#8243;]<a class=\"button BtnCotizar\" href=\"https:\/\/explomin.com\/en\/contacto\/\" target=\"_blank\" style=\"background-color: ;\">Request Quotation<\/a>[\/vc_column][\/vc_row][vc_row][vc_column css_animation=&#8221;left-to-right&#8221; width=&#8221;1\/2&#8243; el_class=&#8221;left_detalle_svc&#8221;][vc_column_text]<strong>Our Geotechnical division offers the following services for the different needs of diverse sectors<\/strong><\/p>\n<h6>Perforaci\u00f3n geot\u00e9cnica e instalaci\u00f3n de:<\/h6>\n<ol>\n<li>Casagrande Type Piezometers<\/li>\n<li>Vibrating Wire Piezometers<\/li>\n<li>Inclinometers<\/li>\n<\/ol>\n<h6>Geotechnical tests and trials of porosity, permeability and compaction<\/h6>\n<ol>\n<li>SPT test<\/li>\n<li>LPT test<\/li>\n<li>Cone Peck Test<\/li>\n<li>Vane shear test<\/li>\n<li>Shelby Tube Sampling<\/li>\n<li>Lugeon permeability test<\/li>\n<li>Lefranc permeability test<\/li>\n<\/ol>\n<p>Explomin has modern parameter control equipment for the best development of these tests, by maintaining international standards for this purpose. Our technicians and engineers have extensive experience in developing medium and large field tests.<\/p>\n<h6>Geotechnical Instrumentation<\/h6>\n<p>The geotechnical instrumentation service is not only aimed at the installation of geotechnical equipment, but also at:<\/p>\n<p>Monitoring and interpretation of geotechnical instrumentation after its installation.<br \/>\nConduction of cables during construction works.<br \/>\nRepair and maintenance of vibrating wire cables and commissioning of control panels.<\/p>\n<h6>Tratamiento de Fundaciones (Grouting)<\/h6>\n<p>Explomin develops the control of the foundations treatment &#8211; cement injections (Grouting), using sensors and digital reading equipment in real time, oriented to standard injections or using the GIN (Grout Intensity Number) method, according to the requirements of each project. The development of these works also includes the design of cement mixtures or grouts for this purpose. We apply great emphasis to In Situ quality control of cement mixtures to obtain the expected results of the treatment<\/p>\n<h4>Our team has been working for more than two decades to provide our clients with the best drilling service. Demonstrating our great commitment to offer a safe and quality service.<\/h4>\n<p>[\/vc_column_text][\/vc_column][vc_column css_animation=&#8221;right-to-left&#8221; width=&#8221;1\/2&#8243; el_class=&#8221;galeria_svc&#8221;]<\/p>\n<div class=\"image wrap-box no-style below\" style=\"\">\n<div class=\"wrap-box-inner\"><img decoding=\"async\" class=\"wrap-box-element\" style=\" \" src=\"https:\/\/explomin.com\/en\/wp-content\/uploads\/2022\/02\/Perforacion-Geotecnica-1.jpg\" alt=\"\"\/><\/div>\n<\/div>\n<div class=\"image wrap-box no-style below\" style=\"\">\n<div class=\"wrap-box-inner\"><img decoding=\"async\" class=\"wrap-box-element\" style=\" \" src=\"https:\/\/explomin.com\/en\/wp-content\/uploads\/2022\/02\/Perforacion-Geotecnica2.jpg\" alt=\"\"\/><\/div>\n<\/div>\n<p>[\/vc_column][\/vc_row][\/vc_section]<\/p>\n<\/div>","protected":false},"excerpt":{"rendered":"<p>[vc_section][vc_row full_width=&#8221;stretch_row&#8221; parallax=&#8221;content-moving&#8221; parallax_image=&#8221;648&#8243; parallax_speed_bg=&#8221;1&#8243; css_animation=&#8221;none&#8221; el_class=&#8221;banner_servicio&#8221;][vc_column width=&#8221;1\/2&#8243;][\/vc_column][vc_column width=&#8221;1\/2&#8243;][\/vc_column][\/vc_row][vc_row][vc_column css_animation=&#8221;left-to-right&#8221; width=&#8221;1\/2&#8243; el_class=&#8221;left_detalle_svc&#8221;][vc_column_text]Our Geotechnical division offers the following services for the different needs of diverse sectors Perforaci\u00f3n geot\u00e9cnica e instalaci\u00f3n de: Casagrande Type Piezometers Vibrating Wire Piezometers Inclinometers Geotechnical tests and&#8230;<\/p>\n","protected":false},"author":1,"featured_media":0,"parent":386,"menu_order":20,"comment_status":"closed","ping_status":"closed","template":"detalle_servicio.php","meta":{"_acf_changed":false,"footnotes":""},"class_list":["post-370","page","type-page","status-publish","hentry"],"acf":[],"_links":{"self":[{"href":"https:\/\/explomin.com\/en\/wp-json\/wp\/v2\/pages\/370","targetHints":{"allow":["GET"]}}],"collection":[{"href":"https:\/\/explomin.com\/en\/wp-json\/wp\/v2\/pages"}],"about":[{"href":"https:\/\/explomin.com\/en\/wp-json\/wp\/v2\/types\/page"}],"author":[{"embeddable":true,"href":"https:\/\/explomin.com\/en\/wp-json\/wp\/v2\/users\/1"}],"replies":[{"embeddable":true,"href":"https:\/\/explomin.com\/en\/wp-json\/wp\/v2\/comments?post=370"}],"version-history":[{"count":8,"href":"https:\/\/explomin.com\/en\/wp-json\/wp\/v2\/pages\/370\/revisions"}],"predecessor-version":[{"id":4179,"href":"https:\/\/explomin.com\/en\/wp-json\/wp\/v2\/pages\/370\/revisions\/4179"}],"up":[{"embeddable":true,"href":"https:\/\/explomin.com\/en\/wp-json\/wp\/v2\/pages\/386"}],"wp:attachment":[{"href":"https:\/\/explomin.com\/en\/wp-json\/wp\/v2\/media?parent=370"}],"curies":[{"name":"wp","href":"https:\/\/api.w.org\/{rel}","templated":true}]}}