{"id":14,"date":"2021-03-19T04:54:45","date_gmt":"2021-03-19T04:54:45","guid":{"rendered":"http:\/\/localhost\/explomin\/?page_id=14"},"modified":"2025-07-20T22:24:54","modified_gmt":"2025-07-21T03:24:54","slug":"quienes-somos","status":"publish","type":"page","link":"https:\/\/explomin.com\/es\/quienes-somos\/","title":{"rendered":"Quienes Somos"},"content":{"rendered":"<div class=\"wpb-content-wrapper\"><p>[vc_section full_width=\u00bbstretch_row\u00bb el_class=\u00bbquienes_somos_principal\u00bb css=\u00bb.vc_custom_1753068048482{background-image: url(https:\/\/explomin.com\/es\/wp-content\/uploads\/2022\/01\/explomin__nosotros.png?id=616) !important;}\u00bb][vc_row css=\u00bb.vc_custom_1616232256609{background-position: 0 0 !important;background-repeat: no-repeat !important;}\u00bb][vc_column width=\u00bb1\/2&#8243; el_class=\u00bbleft_quienes_somos\u00bb][vc_column_text css_animation=\u00bbleft-to-right\u00bb]<\/p>\n<h1>Somos <strong>EXPLOMIN<\/strong><\/h1>\n<p><strong>Somos la empresa de perforaci\u00f3n m\u00e1s grande y prestigiosa de Latinoam\u00e9rica, siendo posicionada como la Nro. 1 en Per\u00fa y parte de las TOP10 en el mundo.<\/strong><\/p>\n<p>Brindamos soluciones integrales para los sectores de Miner\u00eda, Oil &amp; Gas y Construcci\u00f3n con est\u00e1ndares de clase mundial en perforaci\u00f3n y servicios relacionados, ejecutando programas para las compa\u00f1\u00edas m\u00e1s importantes del mundo y enfocados a la miner\u00eda desde la exploraci\u00f3n inicial hasta la cuantificaci\u00f3n de recursos, habiendo perforado casi 6 millones de metros al d\u00eda de hoy.<\/p>\n<p><em><strong>Contamos con m\u00e1s de 2 d\u00e9cadas de experiencia y una flota propia de \u00faltima tecnolog\u00eda de m\u00e1s de 100 equipos de perforaci\u00f3n para todo tipo de necesidad<\/strong><\/em>,<em> lo cual nos permite cubrir las necesidades de los servicios solicitados al 100%.<\/em> Nuestro esp\u00edritu innovador nos ha llevado a ser los pioneros en la industria en implementar sistemas como perforaci\u00f3n direccionada, sistemas de manipulaci\u00f3n de tuber\u00eda Rod Handler y sistemas de Perforaci\u00f3n Autom\u00e1tica en nuestros equipos, con el claro objetivo de ofrecer un servicio m\u00e1s seguro y eficiente.<\/p>\n<p>La compa\u00f1\u00eda es liderada por un gran equipo multicultural de profesionales con amplia experiencia en el sector minero a nivel global, con m\u00e1s de 1800 colaboradores en sus diferentes operaciones en el mundo. Somos especialistas en Contratos Corporativos de Programas Integrales de Perforaci\u00f3n y Servicios Geot\u00e9cnicos e Hidrogeol\u00f3gicos y somos reconocidos por nuestra premiada gesti\u00f3n en Seguridad bajo una cultura enfocada en nuestros s\u00f3lidos pilares y valores, que hacen de EXPLOMIN una de las mejores empresas para trabajar seg\u00fan la certificaci\u00f3n obtenida por <strong>GREAT PLACE TO WORK<\/strong>, adem\u00e1s de certificaciones de est\u00e1ndares internacionales como son <strong>ISO9001, ISO14001, ISO 37001 e ISO45001<\/strong>.[\/vc_column_text][\/vc_column][vc_column width=\u00bb1\/2&#8243;][vc_row_inner el_class=\u00bbexperiencia_explomin\u00bb][vc_column_inner width=\u00bb1\/1&#8243;]<\/p>\n<div class=\"one_half\">[vc_column_text css_animation=\u00bbbottom-to-top\u00bb el_class=\u00bbperforaciones_explomin\u00bb]<img loading=\"lazy\" decoding=\"async\" class=\"alignnone wp-image-123 size-full\" src=\"https:\/\/explomin.com\/es\/wp-content\/uploads\/2021\/03\/4-Millones-de-metros-perforados.png\" alt=\"\" width=\"82\" height=\"82\" srcset=\"https:\/\/explomin.com\/es\/wp-content\/uploads\/2021\/03\/4-Millones-de-metros-perforados.png 82w, https:\/\/explomin.com\/es\/wp-content\/uploads\/2021\/03\/4-Millones-de-metros-perforados-72x72.png 72w\" sizes=\"auto, (max-width: 82px) 100vw, 82px\" \/><\/p>\n<p><strong>6 Millones<\/strong> de metros perforados[\/vc_column_text][vc_column_text css_animation=\u00bbbottom-to-top\u00bb el_class=\u00bbwdget_nosotros top_peru\u00bb]<\/p>\n<h4><img loading=\"lazy\" decoding=\"async\" class=\"alignnone wp-image-590 size-full\" src=\"https:\/\/explomin.com\/es\/wp-content\/uploads\/2022\/02\/nrouno.png\" alt=\"\" width=\"37\" height=\"56\" \/><\/h4>\n<p><strong>#1 en Per\u00fa<\/strong> y <strong>TOP 10\u00b0<\/strong> en el mundo[\/vc_column_text][vc_column_text css_animation=\u00bbbottom-to-top\u00bb el_class=\u00bbwdget_nosotros cobertura_global\u00bb]<\/p>\n<h4><img loading=\"lazy\" decoding=\"async\" class=\"alignnone wp-image-592 size-full\" src=\"https:\/\/explomin.com\/es\/wp-content\/uploads\/2022\/02\/cobertura.png\" alt=\"\" width=\"50\" height=\"50\" \/><\/h4>\n<p>COBERTURA <strong>global<\/strong>[\/vc_column_text]<\/div>\n<div class=\"one_half last\">[vc_column_text css_animation=\u00bbbottom-to-top\u00bb el_class=\u00bbwdget_nosotros cantidad_equipos\u00bb]<\/p>\n<h4><img loading=\"lazy\" decoding=\"async\" class=\"alignnone wp-image-125 size-full\" src=\"https:\/\/explomin.com\/es\/wp-content\/uploads\/2021\/03\/70-equipos.png\" alt=\"\" width=\"57\" height=\"55\" \/><\/h4>\n<p><strong><em>+<\/em> 100<\/strong> equipos[\/vc_column_text][vc_column_text css_animation=\u00bbbottom-to-top\u00bb el_class=\u00bbwdget_nosotros cantidad_experiencia\u00bb]<\/p>\n<h4><img loading=\"lazy\" decoding=\"async\" class=\"alignnone wp-image-124 size-full\" src=\"https:\/\/explomin.com\/es\/wp-content\/uploads\/2021\/03\/20-anos-experiencia.png\" alt=\"\" width=\"45\" height=\"62\" \/><\/h4>\n<p><strong>+20 <em>a\u00f1os<\/em><\/strong> experiencia[\/vc_column_text]<\/div>\n<div class=\"clear\"><\/div>\n<div class=\"one_half last\"><\/div>\n<div class=\"clear\"><\/div>\n<p>[\/vc_column_inner][\/vc_row_inner][\/vc_column][\/vc_row][\/vc_section][vc_section full_width=\u00bbstretch_row\u00bb el_class=\u00bbmision_vision_content\u00bb][vc_row css=\u00bb.vc_custom_1616232256609{background-position: 0 0 !important;background-repeat: no-repeat !important;}\u00bb][vc_column width=\u00bb1\/2&#8243;][vc_column_text css_animation=\u00bbleft-to-right\u00bb el_class=\u00bbmision_vision\u00bb]<\/p>\n<h2>Misi\u00f3n<\/h2>\n<p>Nuestra misi\u00f3n es otorgar a nuestros clientes el mejor producto empleando maquinarias de alta tecnolog\u00eda, servicios de ingenier\u00eda de mejor calidad, generando valor agregado para los accionistas, clientes, trabajadores y la sociedad.<\/p>\n<h2>Visi\u00f3n<\/h2>\n<p>Ser la mejor empresa de servicios de perforaci\u00f3n, en la atenci\u00f3n a los sectores de miner\u00eda, construcci\u00f3n, medio ambiente, hidrocarburos e industria en general; siendo reconocida globalmente por nuestra excelencia en el servicio y la satisfacci\u00f3n de nuestros clientes.[\/vc_column_text][\/vc_column][vc_column css_animation=\u00bbright-to-left\u00bb width=\u00bb1\/2&#8243; el_class=\u00bbnosotros_especialistas\u00bb]<\/p>\n<div class=\"one_half\">[vc_column_text]<\/p>\n<h4><img loading=\"lazy\" decoding=\"async\" class=\"alignnone size-full wp-image-173\" src=\"https:\/\/explomin.com\/es\/wp-content\/uploads\/2022\/01\/icon_contratos.png\" alt=\"\" width=\"43\" height=\"48\" \/><\/h4>\n<p>Especialista en contratos corporativos[\/vc_column_text][vc_column_text]<\/p>\n<h4><img loading=\"lazy\" decoding=\"async\" class=\"alignnone wp-image-174 size-full\" src=\"https:\/\/explomin.com\/es\/wp-content\/uploads\/2022\/01\/icon_responsable.png\" alt=\"\" width=\"48\" height=\"48\" \/><\/h4>\n<p>Empresa socialmente responsable[\/vc_column_text][vc_column_text]<\/p>\n<h4><img loading=\"lazy\" decoding=\"async\" class=\"alignnone wp-image-175 size-full\" src=\"https:\/\/explomin.com\/es\/wp-content\/uploads\/2022\/01\/ico_premiada.png\" alt=\"\" width=\"44\" height=\"49\" \/><\/h4>\n<p>Premiada por su dedicada Gesti\u00f3n en Seguridad[\/vc_column_text]<\/p><\/div>\n<div class=\"one_half last\">[vc_column_text]<\/p>\n<h4><img loading=\"lazy\" decoding=\"async\" class=\"alignnone wp-image-176 size-full\" src=\"https:\/\/explomin.com\/es\/wp-content\/uploads\/2022\/01\/ico_iso.png\" alt=\"\" width=\"48\" height=\"47\" \/><\/h4>\n<p>Certificados ISO 9001, ISO 14001, ISO 370001 y ISO 45001.[\/vc_column_text][vc_column_text]<\/p>\n<h4><img loading=\"lazy\" decoding=\"async\" class=\"alignnone wp-image-177 size-full\" src=\"https:\/\/explomin.com\/es\/wp-content\/uploads\/2022\/01\/ico_estandares.png\" alt=\"\" width=\"50\" height=\"50\" \/><\/h4>\n<p>Est\u00e1ndares de clase mundial.[\/vc_column_text]<\/p><\/div>\n<div class=\"clear\"><\/div>\n<p>[\/vc_column][\/vc_row][\/vc_section][vc_section el_class=\u00bbseguridad_excelencia\u00bb][vc_row full_width=\u00bbstretch_row_content\u00bb equal_height=\u00bbyes\u00bb][vc_column width=\u00bb1\/3&#8243; el_class=\u00bbbg_seguridad\u00bb][vc_column_text css_animation=\u00bbbottom-to-top\u00bb]<\/p>\n<h3>Seguridad<\/h3>\n<p><img loading=\"lazy\" decoding=\"async\" class=\"alignnone wp-image-127 size-full\" src=\"https:\/\/explomin.com\/es\/wp-content\/uploads\/2021\/03\/Seguridad.png\" alt=\"\" width=\"92\" height=\"92\" srcset=\"https:\/\/explomin.com\/es\/wp-content\/uploads\/2021\/03\/Seguridad.png 92w, https:\/\/explomin.com\/es\/wp-content\/uploads\/2021\/03\/Seguridad-72x72.png 72w\" sizes=\"auto, (max-width: 92px) 100vw, 92px\" \/><\/p>\n<p><strong>Aseguramos un trabajo con excelentes est\u00e1ndares en seguridad y calidad<\/strong> en cada servicio que ofrecemos. Pensamos, promovemos y actuamos con SEGURIDAD en todo momento.[\/vc_column_text][\/vc_column][vc_column width=\u00bb1\/3&#8243; el_class=\u00bbbg_excelencia\u00bb][vc_column_text css_animation=\u00bbtop-to-bottom\u00bb]<\/p>\n<h3>Excelencia Operativa<\/h3>\n<p><img loading=\"lazy\" decoding=\"async\" class=\"alignnone wp-image-128 size-full\" src=\"https:\/\/explomin.com\/es\/wp-content\/uploads\/2021\/03\/Excelencia-Operativa.png\" alt=\"\" width=\"92\" height=\"98\" \/><\/p>\n<p><strong>Contar con los mejores profesionales<\/strong>, capacitarnos constantemente y promoviendo el aprendizaje de nuevos m\u00e9todos y mejorar nuestras buenas pr\u00e1cticas mediante lecciones aprendidas.[\/vc_column_text][\/vc_column][vc_column width=\u00bb1\/3&#8243; el_class=\u00bbbg_innovacion\u00bb][vc_column_text css_animation=\u00bbbottom-to-top\u00bb]<\/p>\n<h3>Innovaci\u00f3n<\/h3>\n<p><img loading=\"lazy\" decoding=\"async\" class=\"alignnone wp-image-129 size-full\" src=\"https:\/\/explomin.com\/es\/wp-content\/uploads\/2021\/03\/Innovacion.png\" alt=\"\" width=\"92\" height=\"90\" \/><\/p>\n<p><strong>B\u00fasqueda constante<\/strong> de m\u00e9todos, maquinarias, procesos, implementos y materiales que nos permita estar un paso adelante. Adelantarnos y estar preparados para el futuro.[\/vc_column_text][\/vc_column][\/vc_row][\/vc_section][vc_section full_width=\u00bbstretch_row\u00bb content_placement=\u00bbmiddle\u00bb parallax=\u00bbcontent-moving\u00bb parallax_image=\u00bb120&#8243; parallax_speed_bg=\u00bb1&#8243; el_class=\u00bbnuestros_valores\u00bb][vc_row content_placement=\u00bbmiddle\u00bb][vc_column width=\u00bb1\/2&#8243;][\/vc_column][vc_column width=\u00bb1\/2&#8243;][vc_column_text css_animation=\u00bbright-to-left\u00bb]<\/p>\n<h3>Valores<\/h3>\n<ul>\n<li>Seguridad<\/li>\n<li>Integridad<\/li>\n<li>Respeto<\/li>\n<li>Compromiso<\/li>\n<li>Trabajo en equipo<\/li>\n<li>Desarrollo de personas<\/li>\n<li>\u00c9tica<\/li>\n<\/ul>\n<p>[\/vc_column_text][\/vc_column][\/vc_row][\/vc_section]<\/p>\n<\/div>","protected":false},"excerpt":{"rendered":"<p>[vc_section full_width=\u00bbstretch_row\u00bb el_class=\u00bbquienes_somos_principal\u00bb css=\u00bb.vc_custom_1753068048482{background-image: url(https:\/\/explomin.com\/es\/wp-content\/uploads\/2022\/01\/explomin__nosotros.png?id=616) !important;}\u00bb][vc_row css=\u00bb.vc_custom_1616232256609{background-position: 0 0 !important;background-repeat: no-repeat !important;}\u00bb][vc_column width=\u00bb1\/2&#8243; el_class=\u00bbleft_quienes_somos\u00bb][vc_column_text css_animation=\u00bbleft-to-right\u00bb] Somos EXPLOMIN Somos la empresa de perforaci\u00f3n m\u00e1s grande y prestigiosa de Latinoam\u00e9rica, siendo posicionada como la Nro. 1 en Per\u00fa y parte de las&#8230;<\/p>\n","protected":false},"author":1,"featured_media":0,"parent":0,"menu_order":22,"comment_status":"closed","ping_status":"closed","template":"page_nosotros.php","meta":{"_acf_changed":false,"footnotes":""},"class_list":["post-14","page","type-page","status-publish","hentry"],"acf":[],"_links":{"self":[{"href":"https:\/\/explomin.com\/es\/wp-json\/wp\/v2\/pages\/14","targetHints":{"allow":["GET"]}}],"collection":[{"href":"https:\/\/explomin.com\/es\/wp-json\/wp\/v2\/pages"}],"about":[{"href":"https:\/\/explomin.com\/es\/wp-json\/wp\/v2\/types\/page"}],"author":[{"embeddable":true,"href":"https:\/\/explomin.com\/es\/wp-json\/wp\/v2\/users\/1"}],"replies":[{"embeddable":true,"href":"https:\/\/explomin.com\/es\/wp-json\/wp\/v2\/comments?post=14"}],"version-history":[{"count":56,"href":"https:\/\/explomin.com\/es\/wp-json\/wp\/v2\/pages\/14\/revisions"}],"predecessor-version":[{"id":4158,"href":"https:\/\/explomin.com\/es\/wp-json\/wp\/v2\/pages\/14\/revisions\/4158"}],"wp:attachment":[{"href":"https:\/\/explomin.com\/es\/wp-json\/wp\/v2\/media?parent=14"}],"curies":[{"name":"wp","href":"https:\/\/api.w.org\/{rel}","templated":true}]}}