{"id":16,"date":"2021-03-19T04:55:03","date_gmt":"2021-03-19T04:55:03","guid":{"rendered":"http:\/\/localhost\/explomin\/?page_id=16"},"modified":"2022-02-20T22:46:51","modified_gmt":"2022-02-21T03:46:51","slug":"servicios","status":"publish","type":"page","link":"https:\/\/explomin.com\/es\/servicios\/","title":{"rendered":"Servicios"},"content":{"rendered":"<div class=\"wpb-content-wrapper\"><p>[vc_section el_class=\u00bbcont_servicios\u00bb][vc_row content_placement=\u00bbmiddle\u00bb css_animation=\u00bbslideInLeft\u00bb el_class=\u00bbleft_txt_svc\u00bb][vc_column css_animation=\u00bbnone\u00bb width=\u00bb1\/2&#8243;][vc_column_text]<\/p>\n<h2><a href=\"https:\/\/explomin.com\/es\/servicios\/perforacion-diamantina\/\">Perforaci\u00f3n <strong>Diamantina<\/strong><\/a><\/h2>\n<p><a href=\"https:\/\/explomin.com\/es\/servicios\/perforacion-diamantina\/\">La perforaci\u00f3n diamantina es aquella perforaci\u00f3n que se hace utilizando una broca diamantada para perforar la roca obteniendo un testigo de la\u2026<\/a>[\/vc_column_text][\/vc_column][vc_column css_animation=\u00bbnone\u00bb width=\u00bb1\/2&#8243;]<\/p>\n<div class=\"image wrap-box style-4 below\" style=\"width:auto; max-width: 615px;\">\n<div class=\"wrap-box-inner\"><img decoding=\"async\" class=\"wrap-box-element\" style=\"width: 615px; height: 365px;\" src=\"https:\/\/explomin.com\/es\/wp-content\/uploads\/2021\/03\/svc1.jpg\" alt=\"\"\/><\/div>\n<\/div>\n<p>[\/vc_column][\/vc_row][vc_row content_placement=\u00bbmiddle\u00bb css_animation=\u00bbslideInRight\u00bb el_class=\u00bbright_txt_svc\u00bb][vc_column css_animation=\u00bbnone\u00bb width=\u00bb1\/2&#8243;]<\/p>\n<div class=\"image wrap-box style-4 below\" style=\"width:auto; max-width: 615px;\">\n<div class=\"wrap-box-inner\"><img decoding=\"async\" class=\"wrap-box-element\" style=\"width: 615px; height: 365px;\" src=\"https:\/\/explomin.com\/es\/wp-content\/uploads\/2021\/03\/Perforacion.jpg\" alt=\"\"\/><\/div>\n<\/div>\n<p>[\/vc_column][vc_column css_animation=\u00bbnone\u00bb width=\u00bb1\/2&#8243;][vc_column_text]<\/p>\n<h2><a href=\"https:\/\/explomin.com\/es\/servicios\/circulacion-reversa\/\">Circulaci\u00f3n <strong>Reversa<\/strong><\/a><\/h2>\n<p><a href=\"https:\/\/explomin.com\/es\/servicios\/circulacion-reversa\/\">El dise\u00f1o de las barras para perforaci\u00f3n con circulaci\u00f3n de aire reverso permite la recuperaci\u00f3n de muestras, por el centro de ellas debido a su\u2026<\/a>[\/vc_column_text]<\/p>\n<div class=\"image wrap-box style-1 below\" style=\"width:auto; max-width: 615px;\">\n<div class=\"wrap-box-inner\"><img decoding=\"async\" class=\"wrap-box-element\" style=\"width: 615px; height: 365px;\" src=\"https:\/\/explomin.com\/es\/wp-content\/uploads\/2021\/03\/Perforacion.jpg\" alt=\"\"\/><\/div>\n<\/div>\n<p>[\/vc_column][\/vc_row][vc_row content_placement=\u00bbmiddle\u00bb css_animation=\u00bbslideInLeft\u00bb el_class=\u00bbleft_txt_svc\u00bb][vc_column css_animation=\u00bbnone\u00bb width=\u00bb1\/2&#8243;][vc_column_text]<\/p>\n<h2><a href=\"https:\/\/explomin.com\/es\/servicios\/perforacion-pozos-de-agua\/\">Perforaci\u00f3n <strong>Pozos de Agua<\/strong><\/a><\/h2>\n<p><a href=\"https:\/\/explomin.com\/es\/servicios\/perforacion-pozos-de-agua\/\">Desarrollamos perforaciones hidrogeol\u00f3gicas tales como: Pozos de Agua, Pozos de Monitoreo, Pozos Tubulares, Pozos de Producci\u00f3n\u2026<\/a>[\/vc_column_text][\/vc_column][vc_column css_animation=\u00bbnone\u00bb width=\u00bb1\/2&#8243;]<\/p>\n<div class=\"image wrap-box style-4 below\" style=\"width:auto; max-width: 615px;\">\n<div class=\"wrap-box-inner\"><img decoding=\"async\" class=\"wrap-box-element\" style=\"width: 615px; height: 365px;\" src=\"https:\/\/explomin.com\/es\/wp-content\/uploads\/2022\/01\/Perforacion_pozos_de_agua.jpg\" alt=\"\"\/><\/div>\n<\/div>\n<p>[\/vc_column][\/vc_row][vc_row content_placement=\u00bbmiddle\u00bb css_animation=\u00bbslideInRight\u00bb el_class=\u00bbright_txt_svc\u00bb][vc_column css_animation=\u00bbnone\u00bb width=\u00bb1\/2&#8243;]<\/p>\n<div class=\"image wrap-box style-4 below\" style=\"width:auto; max-width: 615px;\">\n<div class=\"wrap-box-inner\"><img decoding=\"async\" class=\"wrap-box-element\" style=\"width: 615px; height: 365px;\" src=\"https:\/\/explomin.com\/es\/wp-content\/uploads\/2021\/03\/Perforacion-direccionada.jpg\" alt=\"\"\/><\/div>\n<\/div>\n<p>[\/vc_column][vc_column css_animation=\u00bbnone\u00bb width=\u00bb1\/2&#8243;][vc_column_text]<\/p>\n<h2><a href=\"https:\/\/explomin.com\/es\/servicios\/perforacion-geotecnica\/\">Perforaci\u00f3n <strong>Geot\u00e9cnica<\/strong><\/a><\/h2>\n<p><a href=\"https:\/\/explomin.com\/es\/servicios\/perforacion-geotecnica\/\">Es la t\u00e9cnica que permite la desviaci\u00f3n intencional de un pozo desde una trayectoria inicial hacia una trayectoria final distinta de la inicial\u2026<\/a>[\/vc_column_text]<\/p>\n<div class=\"image wrap-box style-1 below\" style=\"width:auto; max-width: 615px;\">\n<div class=\"wrap-box-inner\"><img decoding=\"async\" class=\"wrap-box-element\" style=\"width: 615px; height: 365px;\" src=\"https:\/\/explomin.com\/es\/wp-content\/uploads\/2021\/03\/Perforacion-direccionada.jpg\" alt=\"\"\/><\/div>\n<\/div>\n<p>[\/vc_column][\/vc_row][vc_row content_placement=\u00bbmiddle\u00bb css_animation=\u00bbslideInLeft\u00bb el_class=\u00bbleft_txt_svc\u00bb][vc_column css_animation=\u00bbnone\u00bb width=\u00bb1\/2&#8243;][vc_column_text el_class=\u00bbsol_mineras\u00bb]<\/p>\n<h2><a href=\"https:\/\/explomin.com\/es\/servicios\/soluciones-mineras\/\">Soluciones <strong>Mineras<\/strong><\/a><\/h2>\n<p><a href=\"https:\/\/explomin.com\/es\/servicios\/soluciones-mineras\/\">Nuestra experiencia nos ha permitido conocer a detalle las operaciones y ofrecemos un servicio integral desde geolog\u00eda, perforaciones hasta\u2026<\/a>[\/vc_column_text][\/vc_column][vc_column css_animation=\u00bbnone\u00bb width=\u00bb1\/2&#8243;]<\/p>\n<div class=\"image wrap-box style-4 below\" style=\"width:auto; max-width: 615px;\">\n<div class=\"wrap-box-inner\"><img decoding=\"async\" class=\"wrap-box-element\" style=\"width: 615px; height: 365px;\" src=\"https:\/\/explomin.com\/es\/wp-content\/uploads\/2022\/01\/Soluciones_mineras.jpg\" alt=\"\"\/><\/div>\n<\/div>\n<p>[\/vc_column][\/vc_row][\/vc_section]<\/p>\n<\/div>","protected":false},"excerpt":{"rendered":"<p>[vc_section el_class=\u00bbcont_servicios\u00bb][vc_row content_placement=\u00bbmiddle\u00bb css_animation=\u00bbslideInLeft\u00bb el_class=\u00bbleft_txt_svc\u00bb][vc_column css_animation=\u00bbnone\u00bb width=\u00bb1\/2&#8243;][vc_column_text] Perforaci\u00f3n Diamantina La perforaci\u00f3n diamantina es aquella perforaci\u00f3n que se hace utilizando una broca diamantada para perforar la roca obteniendo un testigo de la\u2026[\/vc_column_text][\/vc_column][vc_column css_animation=\u00bbnone\u00bb width=\u00bb1\/2&#8243;][\/vc_column][\/vc_row][vc_row content_placement=\u00bbmiddle\u00bb css_animation=\u00bbslideInRight\u00bb el_class=\u00bbright_txt_svc\u00bb][vc_column css_animation=\u00bbnone\u00bb width=\u00bb1\/2&#8243;][\/vc_column][vc_column css_animation=\u00bbnone\u00bb width=\u00bb1\/2&#8243;][vc_column_text]&#8230;<\/p>\n","protected":false},"author":1,"featured_media":0,"parent":0,"menu_order":16,"comment_status":"closed","ping_status":"closed","template":"","meta":{"_acf_changed":false,"footnotes":""},"class_list":["post-16","page","type-page","status-publish","hentry"],"acf":[],"_links":{"self":[{"href":"https:\/\/explomin.com\/es\/wp-json\/wp\/v2\/pages\/16","targetHints":{"allow":["GET"]}}],"collection":[{"href":"https:\/\/explomin.com\/es\/wp-json\/wp\/v2\/pages"}],"about":[{"href":"https:\/\/explomin.com\/es\/wp-json\/wp\/v2\/types\/page"}],"author":[{"embeddable":true,"href":"https:\/\/explomin.com\/es\/wp-json\/wp\/v2\/users\/1"}],"replies":[{"embeddable":true,"href":"https:\/\/explomin.com\/es\/wp-json\/wp\/v2\/comments?post=16"}],"version-history":[{"count":25,"href":"https:\/\/explomin.com\/es\/wp-json\/wp\/v2\/pages\/16\/revisions"}],"predecessor-version":[{"id":1019,"href":"https:\/\/explomin.com\/es\/wp-json\/wp\/v2\/pages\/16\/revisions\/1019"}],"wp:attachment":[{"href":"https:\/\/explomin.com\/es\/wp-json\/wp\/v2\/media?parent=16"}],"curies":[{"name":"wp","href":"https:\/\/api.w.org\/{rel}","templated":true}]}}