{"id":197,"date":"2022-01-30T12:30:14","date_gmt":"2022-01-30T12:30:14","guid":{"rendered":"http:\/\/localhost\/explomin\/?page_id=197"},"modified":"2022-02-22T06:46:53","modified_gmt":"2022-02-22T11:46:53","slug":"perforacion-diamantina","status":"publish","type":"page","link":"https:\/\/explomin.com\/es\/servicios\/perforacion-diamantina\/","title":{"rendered":"Perforaci\u00f3n Diamantina"},"content":{"rendered":"<div class=\"wpb-content-wrapper\"><p>[vc_section css_animation=\u00bbnone\u00bb][vc_row full_width=\u00bbstretch_row\u00bb parallax=\u00bbcontent-moving\u00bb parallax_image=\u00bb638&#8243; parallax_speed_bg=\u00bb1&#8243; css_animation=\u00bbnone\u00bb el_class=\u00bbbanner_servicio\u00bb][vc_column width=\u00bb1\/2&#8243;][\/vc_column][vc_column width=\u00bb1\/2&#8243;]<a class=\"button BtnCotizar\" href=\"https:\/\/explomin.com\/es\/contacto\/\" target=\"_blank\" style=\"background-color: ;\">Cotizar servicio<\/a>[\/vc_column][\/vc_row][vc_row][vc_column css_animation=\u00bbleft-to-right\u00bb width=\u00bb1\/2&#8243; el_class=\u00bbleft_detalle_svc\u00bb][vc_column_text]<\/p>\n<h4><strong>Explomin<\/strong> busca la riqueza minera para traerla a la superficie, d\u00eda a d\u00eda afrontan el desaf\u00edo de explorar las profundidades de nuestros suelos, en b\u00fasqueda de minerales.<\/h4>\n<p><strong>La perforaci\u00f3n diamantina es aquella perforaci\u00f3n que se hace utilizando una broca diamantada para perforar la roca obteniendo un testigo de la misma, el cual es extra\u00eddo, registrado y colocado en cajas porta-testigos para debida protecci\u00f3n y almacenamiento dentro del almac\u00e9n de testigos (coreshack)<\/strong>. Para la perforaci\u00f3n se usa brocas diamantadas pues el diamante es el material existente con mayor dureza y conductividad t\u00e9rmica sobre el planeta, lo cual le permite actuar como herramienta de corte con gran efectividad para cortar la roca que se requiere y extraer convenientemente las muestras o testigos del yacimiento mineralizado.<\/p>\n<p>La perforaci\u00f3n diamantina puede ser usada en una etapa muy temprana (proyecto Greenfield) para delinear cuerpos mineralizados, determinar si la mineralizaci\u00f3n profundiza, verificar las leyes y determinar recursos mineralizados dentro de un yacimiento o proyecto minero. De igual forma puede usarse tambi\u00e9n en una etapa posterior (Brownfield) para ampliar las reservas existentes, o puede tratarse de perforaciones en mina que sirven como perforaciones de control (para producci\u00f3n) o perforaciones confirmatorias en profundizaci\u00f3n de interior mina para cubicar nuevas reservas minerales.<\/p>\n<p>En EXPLOMIN contamos con moderna maquinaria de perforaci\u00f3n en superficie e interior mina que pueden llegar hasta 2,000 metros de profundidad. Adem\u00e1s del personal altamente capacitado y con la experiencia que permite brindar los rendimientos de perforaci\u00f3n m\u00e1s altos del mercado, optimizando de este modo el servicio y brindando ahorros para el CLIENTE.<\/p>\n<p>Asimismo, contamos con sistemas de manipulaci\u00f3n de tuber\u00eda tanto para superficie como interior mina que permite una operaci\u00f3n m\u00e1s segura pues minimiza la exposici\u00f3n de nuestro personal en la manipulaci\u00f3n de tuber\u00edas para perforar.<\/p>\n<h4>Nuestro equipo trabaja hace m\u00e1s de dos d\u00e9cadas en brindar a nuestros clientes el mejor servicio de perforaci\u00f3n. Demostrando nuestro gran compromiso por ofrecer un servicio seguro y de calidad.<\/h4>\n<p>[\/vc_column_text][\/vc_column][vc_column css_animation=\u00bbright-to-left\u00bb width=\u00bb1\/2&#8243; el_class=\u00bbgaleria_svc\u00bb]<\/p>\n<div class=\"image wrap-box no-style below\" style=\"\">\n<div class=\"wrap-box-inner\"><img decoding=\"async\" class=\"wrap-box-element\" style=\" \" src=\"https:\/\/explomin.com\/es\/wp-content\/uploads\/2022\/02\/perforacion-Diamantina-1.jpg\" alt=\"\"\/><\/div>\n<\/div>\n<div class=\"image wrap-box no-style below\" style=\"\">\n<div class=\"wrap-box-inner\"><img decoding=\"async\" class=\"wrap-box-element\" style=\" \" src=\"https:\/\/explomin.com\/es\/wp-content\/uploads\/2022\/02\/perforacion-Diamantina2.jpg\" alt=\"\"\/><\/div>\n<\/div>\n<p>[\/vc_column][\/vc_row][\/vc_section]<\/p>\n<\/div>","protected":false},"excerpt":{"rendered":"<p>[vc_section css_animation=\u00bbnone\u00bb][vc_row full_width=\u00bbstretch_row\u00bb parallax=\u00bbcontent-moving\u00bb parallax_image=\u00bb638&#8243; parallax_speed_bg=\u00bb1&#8243; css_animation=\u00bbnone\u00bb el_class=\u00bbbanner_servicio\u00bb][vc_column width=\u00bb1\/2&#8243;][\/vc_column][vc_column width=\u00bb1\/2&#8243;][\/vc_column][\/vc_row][vc_row][vc_column css_animation=\u00bbleft-to-right\u00bb width=\u00bb1\/2&#8243; el_class=\u00bbleft_detalle_svc\u00bb][vc_column_text] Explomin busca la riqueza minera para traerla a la superficie, d\u00eda a d\u00eda afrontan el desaf\u00edo de explorar las profundidades de nuestros suelos, en b\u00fasqueda de minerales&#8230;.<\/p>\n","protected":false},"author":1,"featured_media":0,"parent":16,"menu_order":17,"comment_status":"closed","ping_status":"closed","template":"detalle_servicio.php","meta":{"_acf_changed":false,"footnotes":""},"class_list":["post-197","page","type-page","status-publish","hentry"],"acf":[],"_links":{"self":[{"href":"https:\/\/explomin.com\/es\/wp-json\/wp\/v2\/pages\/197","targetHints":{"allow":["GET"]}}],"collection":[{"href":"https:\/\/explomin.com\/es\/wp-json\/wp\/v2\/pages"}],"about":[{"href":"https:\/\/explomin.com\/es\/wp-json\/wp\/v2\/types\/page"}],"author":[{"embeddable":true,"href":"https:\/\/explomin.com\/es\/wp-json\/wp\/v2\/users\/1"}],"replies":[{"embeddable":true,"href":"https:\/\/explomin.com\/es\/wp-json\/wp\/v2\/comments?post=197"}],"version-history":[{"count":20,"href":"https:\/\/explomin.com\/es\/wp-json\/wp\/v2\/pages\/197\/revisions"}],"predecessor-version":[{"id":1303,"href":"https:\/\/explomin.com\/es\/wp-json\/wp\/v2\/pages\/197\/revisions\/1303"}],"up":[{"embeddable":true,"href":"https:\/\/explomin.com\/es\/wp-json\/wp\/v2\/pages\/16"}],"wp:attachment":[{"href":"https:\/\/explomin.com\/es\/wp-json\/wp\/v2\/media?parent=197"}],"curies":[{"name":"wp","href":"https:\/\/api.w.org\/{rel}","templated":true}]}}