{"id":20,"date":"2021-03-19T04:55:25","date_gmt":"2021-03-19T04:55:25","guid":{"rendered":"http:\/\/localhost\/explomin\/?page_id=20"},"modified":"2025-07-20T22:52:14","modified_gmt":"2025-07-21T03:52:14","slug":"experiencia","status":"publish","type":"page","link":"https:\/\/explomin.com\/es\/experiencia\/","title":{"rendered":"Experiencia"},"content":{"rendered":"<div class=\"wpb-content-wrapper\"><p>[vc_section full_width=\u00bbstretch_row_content\u00bb css_animation=\u00bbbottom-to-top\u00bb el_class=\u00bbtop_experiencia\u00bb css=\u00bb.vc_custom_1753069872915{background-image: url(https:\/\/explomin.com\/es\/wp-content\/uploads\/2022\/02\/experiencia_banner_es.png?id=517) !important;}\u00bb][vc_row][vc_column][vc_column_text el_class=\u00bbimg_movil\u00bb]<img loading=\"lazy\" decoding=\"async\" class=\"alignnone wp-image-1022 size-full\" src=\"https:\/\/explomin.com\/es\/wp-content\/uploads\/2022\/02\/espanol.png\" alt=\"\" width=\"380\" height=\"620\" \/>[\/vc_column_text][\/vc_column][\/vc_row][\/vc_section][vc_section el_class=\u00bblist_experiencias\u00bb][vc_row content_placement=\u00bbmiddle\u00bb][vc_column width=\u00bb1\/2&#8243;][vc_column_text css_animation=\u00bbfadeInLeft\u00bb el_class=\u00bbtxt_exp_left\u00bb]<\/p>\n<h3><img loading=\"lazy\" decoding=\"async\" class=\"alignnone size-full wp-image-522\" src=\"https:\/\/explomin.com\/es\/wp-content\/uploads\/2022\/02\/experiencia_peru.png\" alt=\"\" width=\"51\" height=\"56\" \/><\/h3>\n<h2>Per\u00fa<\/h2>\n<p>Perforaci\u00f3n diamantina superficial, Perforaci\u00f3n diamantina subterr\u00e1nea, Perforaci\u00f3n Circulaci\u00f3n Reversa, Perforaci\u00f3n de pozos de agua, Perforaci\u00f3n direccionada, Perforaci\u00f3n Horizontal, Perforaci\u00f3n Geot\u00e9cnica, Perforaci\u00f3n Hidrogeol\u00f3gica, Servicios de muestreo, corte y logueo de testigos, entre otros.[\/vc_column_text][\/vc_column][vc_column css_animation=\u00bbright-to-left\u00bb width=\u00bb1\/2&#8243;]<\/p>\n<div class=\"image wrap-box style-4 below\" style=\"\">\n<div class=\"wrap-box-inner\"><img decoding=\"async\" class=\"wrap-box-element\" style=\" \" src=\"https:\/\/explomin.com\/es\/wp-content\/uploads\/2022\/02\/peru-ima.jpg\" alt=\"\"\/><\/div>\n<\/div>\n<p>[\/vc_column][\/vc_row][vc_row content_placement=\u00bbmiddle\u00bb el_class=\u00bbexperiencia_right\u00bb][vc_column css_animation=\u00bbleft-to-right\u00bb width=\u00bb1\/2&#8243;]<\/p>\n<div class=\"image wrap-box style-4 below\" style=\"\">\n<div class=\"wrap-box-inner\"><img decoding=\"async\" class=\"wrap-box-element\" style=\" \" src=\"https:\/\/explomin.com\/es\/wp-content\/uploads\/2022\/02\/img-colombia.jpg\" alt=\"\"\/><\/div>\n<\/div>\n<p>[\/vc_column][vc_column width=\u00bb1\/2&#8243;][vc_column_text css_animation=\u00bbfadeInRight\u00bb el_class=\u00bbtxt_exp_right\u00bb]<\/p>\n<h3><img loading=\"lazy\" decoding=\"async\" class=\"alignnone wp-image-526 size-full\" src=\"https:\/\/explomin.com\/es\/wp-content\/uploads\/2022\/02\/experiencia_colombia.png\" alt=\"\" width=\"51\" height=\"56\" \/><\/h3>\n<h2>Colombia<\/h2>\n<p>Perforaci\u00f3n diamantina superficial, Perforaci\u00f3n diamantina subterr\u00e1nea, Perforaci\u00f3n direccionada, Perforaci\u00f3n Geot\u00e9cnica, Servicios de muestreo, corte y logueo de testigos, entre otros.[\/vc_column_text]<\/p>\n<div class=\"image wrap-box style-1 below\" style=\"\">\n<div class=\"wrap-box-inner\"><img decoding=\"async\" class=\"wrap-box-element\" style=\" \" src=\"https:\/\/explomin.com\/es\/wp-content\/uploads\/2022\/02\/img-colombia.jpg\" alt=\"\"\/><\/div>\n<\/div>\n<p>[\/vc_column][\/vc_row][vc_row content_placement=\u00bbmiddle\u00bb][vc_column width=\u00bb1\/2&#8243;][vc_column_text css_animation=\u00bbfadeInLeft\u00bb el_class=\u00bbtxt_exp_left\u00bb]<\/p>\n<h3><img loading=\"lazy\" decoding=\"async\" class=\"alignnone wp-image-531 size-full\" src=\"https:\/\/explomin.com\/es\/wp-content\/uploads\/2022\/02\/experiencia_chile.png\" alt=\"\" width=\"51\" height=\"56\" \/><\/h3>\n<h2>Chile<\/h2>\n<p>Perforaci\u00f3n diamantina superficial, Perforaci\u00f3n Circulaci\u00f3n Reversa, Perforaci\u00f3n direccionada, entre otros.[\/vc_column_text][\/vc_column][vc_column css_animation=\u00bbright-to-left\u00bb width=\u00bb1\/2&#8243;]<\/p>\n<div class=\"image wrap-box style-4 below\" style=\"\">\n<div class=\"wrap-box-inner\"><img decoding=\"async\" class=\"wrap-box-element\" style=\" \" src=\"https:\/\/explomin.com\/es\/wp-content\/uploads\/2022\/02\/chile-img.jpg\" alt=\"\"\/><\/div>\n<\/div>\n<p>[\/vc_column][\/vc_row][vc_row content_placement=\u00bbmiddle\u00bb el_class=\u00bbexperiencia_right\u00bb][vc_column css_animation=\u00bbleft-to-right\u00bb width=\u00bb1\/2&#8243;]<\/p>\n<div class=\"image wrap-box style-4 below\" style=\"\">\n<div class=\"wrap-box-inner\"><img decoding=\"async\" class=\"wrap-box-element\" style=\" \" src=\"https:\/\/explomin.com\/es\/wp-content\/uploads\/2022\/02\/espala-img.jpg\" alt=\"\"\/><\/div>\n<\/div>\n<p>[\/vc_column][vc_column width=\u00bb1\/2&#8243;][vc_column_text css_animation=\u00bbfadeInRight\u00bb el_class=\u00bbtxt_exp_right\u00bb]<\/p>\n<h3><img loading=\"lazy\" decoding=\"async\" class=\"alignnone wp-image-533 size-full\" src=\"https:\/\/explomin.com\/es\/wp-content\/uploads\/2022\/02\/experiencia_espana.png\" alt=\"\" width=\"51\" height=\"56\" \/><\/h3>\n<h2>Espa\u00f1a<\/h2>\n<p>Perforaci\u00f3n diamantina superficial, Perforaci\u00f3n Geot\u00e9cnica, entre otros.[\/vc_column_text]<\/p>\n<div class=\"image wrap-box style-1 below\" style=\"\">\n<div class=\"wrap-box-inner\"><img decoding=\"async\" class=\"wrap-box-element\" style=\" \" src=\"https:\/\/explomin.com\/es\/wp-content\/uploads\/2022\/02\/espala-img.jpg\" alt=\"\"\/><\/div>\n<\/div>\n<p>[\/vc_column][\/vc_row][\/vc_section]<\/p>\n<\/div>","protected":false},"excerpt":{"rendered":"<p>[vc_section full_width=\u00bbstretch_row_content\u00bb css_animation=\u00bbbottom-to-top\u00bb el_class=\u00bbtop_experiencia\u00bb css=\u00bb.vc_custom_1753069872915{background-image: url(https:\/\/explomin.com\/es\/wp-content\/uploads\/2022\/02\/experiencia_banner_es.png?id=517) !important;}\u00bb][vc_row][vc_column][vc_column_text el_class=\u00bbimg_movil\u00bb][\/vc_column_text][\/vc_column][\/vc_row][\/vc_section][vc_section el_class=\u00bblist_experiencias\u00bb][vc_row content_placement=\u00bbmiddle\u00bb][vc_column width=\u00bb1\/2&#8243;][vc_column_text css_animation=\u00bbfadeInLeft\u00bb el_class=\u00bbtxt_exp_left\u00bb] Per\u00fa Perforaci\u00f3n diamantina superficial, Perforaci\u00f3n diamantina subterr\u00e1nea, Perforaci\u00f3n Circulaci\u00f3n Reversa, Perforaci\u00f3n de pozos de agua, Perforaci\u00f3n direccionada, Perforaci\u00f3n Horizontal, Perforaci\u00f3n Geot\u00e9cnica, Perforaci\u00f3n Hidrogeol\u00f3gica, Servicios de muestreo, corte&#8230;<\/p>\n","protected":false},"author":1,"featured_media":0,"parent":0,"menu_order":11,"comment_status":"closed","ping_status":"closed","template":"experiencia.php","meta":{"_acf_changed":false,"footnotes":""},"class_list":["post-20","page","type-page","status-publish","hentry"],"acf":[],"_links":{"self":[{"href":"https:\/\/explomin.com\/es\/wp-json\/wp\/v2\/pages\/20","targetHints":{"allow":["GET"]}}],"collection":[{"href":"https:\/\/explomin.com\/es\/wp-json\/wp\/v2\/pages"}],"about":[{"href":"https:\/\/explomin.com\/es\/wp-json\/wp\/v2\/types\/page"}],"author":[{"embeddable":true,"href":"https:\/\/explomin.com\/es\/wp-json\/wp\/v2\/users\/1"}],"replies":[{"embeddable":true,"href":"https:\/\/explomin.com\/es\/wp-json\/wp\/v2\/comments?post=20"}],"version-history":[{"count":24,"href":"https:\/\/explomin.com\/es\/wp-json\/wp\/v2\/pages\/20\/revisions"}],"predecessor-version":[{"id":4159,"href":"https:\/\/explomin.com\/es\/wp-json\/wp\/v2\/pages\/20\/revisions\/4159"}],"wp:attachment":[{"href":"https:\/\/explomin.com\/es\/wp-json\/wp\/v2\/media?parent=20"}],"curies":[{"name":"wp","href":"https:\/\/api.w.org\/{rel}","templated":true}]}}