{"id":211,"date":"2022-01-30T21:25:56","date_gmt":"2022-01-30T21:25:56","guid":{"rendered":"http:\/\/localhost\/explomin\/?page_id=211"},"modified":"2022-02-22T06:48:21","modified_gmt":"2022-02-22T11:48:21","slug":"circulacion-reversa","status":"publish","type":"page","link":"https:\/\/explomin.com\/es\/servicios\/circulacion-reversa\/","title":{"rendered":"Circulaci\u00f3n Reversa"},"content":{"rendered":"<div class=\"wpb-content-wrapper\"><p>[vc_section][vc_row full_width=\u00bbstretch_row\u00bb parallax=\u00bbcontent-moving\u00bb parallax_image=\u00bb640&#8243; parallax_speed_bg=\u00bb1&#8243; css_animation=\u00bbnone\u00bb el_class=\u00bbbanner_servicio\u00bb][vc_column width=\u00bb1\/2&#8243;][\/vc_column][vc_column width=\u00bb1\/2&#8243;]<a class=\"button BtnCotizar\" href=\"https:\/\/explomin.com\/es\/contacto\/\" target=\"_blank\" style=\"background-color: ;\">Cotizar servicio<\/a>[\/vc_column][\/vc_row][vc_row][vc_column css_animation=\u00bbleft-to-right\u00bb width=\u00bb1\/2&#8243; el_class=\u00bbleft_detalle_svc\u00bb][vc_column_text]<\/p>\n<h4>Como sabemos, la perforaci\u00f3n proporciona la mayor parte de la informaci\u00f3n para la evaluaci\u00f3n final de un prospecto y en \u00faltima instancia, determinar\u00e1 si este es explotable econ\u00f3micamente. Uno de los m\u00e9todos de perforaci\u00f3n m\u00e1s conocidos es el de <strong>Perforaci\u00f3n de Circulaci\u00f3n Reversa (RC).<\/strong><br \/>\nA continuaci\u00f3n, conozcamos m\u00e1s sobre este m\u00e9todo de perforaci\u00f3n o sondaje.<\/h4>\n<h5>PERFORACI\u00d3N DE CIRCULACI\u00d3N REVERSA<\/h5>\n<p>El dise\u00f1o de las barras para perforaci\u00f3n de circulaci\u00f3n reversa permite la recuperaci\u00f3n de muestras, por el centro de ellas debido a su doble pared. El aire o agua, que son los medios m\u00e1s usados para el barrido, ingresan a la columna a trav\u00e9s de las paredes de la barra o entre el espacio anular que queda entre la funda exterior y el tubo interior por medio de una conexi\u00f3n lateral (swivel), bajando hasta el fondo del sondaje las muestras que se est\u00e1n extrayendo, son r\u00edgidos hacia el centro de la herramienta de perforaci\u00f3n y evacuados a la superficie. Desde all\u00ed son desviados por un conducto de descarga hasta una manguera de caucho, la cual est\u00e1 conectada a una unidad de desaceleraci\u00f3n de part\u00edculas (cicl\u00f3n captador de polvo) y recuperadas apropiadamente para su an\u00e1lisis.<\/p>\n<h5>PERFORACION CON CASING ADVANCER (SUPER JAW)<\/h5>\n<p>Uno de los sistemas que en la actualidad utilizamos para perforaci\u00f3n RC seg\u00fan la necesidad del cliente es este innovador sistema Casing Advancer Wireline, el cual proporciona un eficiente m\u00e9todo para perforar a trav\u00e9s de suelos descompuestos revistiendo simult\u00e1neamente hasta la roca firme. Nosotros utilizamos este sencillo sistema que de forma fiable coloca el casing mientras perfora, con independencia de las condiciones del terreno. Extraer y sustituir el Casing Advancer Wireline es r\u00e1pido, f\u00e1cil y positivo.[\/vc_column_text]<\/p>\n<div class=\"image wrap-box no-style below\" style=\"\">\n<div class=\"wrap-box-inner\"><img decoding=\"async\" class=\"wrap-box-element\" style=\" \" src=\"https:\/\/explomin.com\/es\/wp-content\/uploads\/2022\/02\/esquema.jpg\" alt=\"\"\/><\/div>\n<\/div>\n<p>[vc_column_text el_class=\u00bbno_border\u00bb]<\/p>\n<h4>Nuestro equipo trabaja hace m\u00e1s de dos d\u00e9cadas en brindar a nuestros clientes el mejor servicio de perforaci\u00f3n. Demostrando nuestro gran compromiso por ofrecer un servicio seguro y de calidad.<\/h4>\n<p>[\/vc_column_text][\/vc_column][vc_column css_animation=\u00bbright-to-left\u00bb width=\u00bb1\/2&#8243; el_class=\u00bbgaleria_svc\u00bb]<\/p>\n<div class=\"image wrap-box no-style below\" style=\"\">\n<div class=\"wrap-box-inner\"><img decoding=\"async\" class=\"wrap-box-element\" style=\" \" src=\"https:\/\/explomin.com\/es\/wp-content\/uploads\/2022\/02\/Circulacion-Reversa-1.jpg\" alt=\"\"\/><\/div>\n<\/div>\n<div class=\"image wrap-box no-style below\" style=\"\">\n<div class=\"wrap-box-inner\"><img decoding=\"async\" class=\"wrap-box-element\" style=\" \" src=\"https:\/\/explomin.com\/es\/wp-content\/uploads\/2022\/02\/Circulacion-Reversa2.jpg\" alt=\"\"\/><\/div>\n<\/div>\n<div class=\"image wrap-box no-style below\" style=\"\">\n<div class=\"wrap-box-inner\"><img decoding=\"async\" class=\"wrap-box-element\" style=\" \" src=\"https:\/\/explomin.com\/es\/wp-content\/uploads\/2022\/02\/Circulacion-Reversa3.jpg\" alt=\"\"\/><\/div>\n<\/div>\n<p>[\/vc_column][\/vc_row][\/vc_section]<\/p>\n<\/div>","protected":false},"excerpt":{"rendered":"<p>[vc_section][vc_row full_width=\u00bbstretch_row\u00bb parallax=\u00bbcontent-moving\u00bb parallax_image=\u00bb640&#8243; parallax_speed_bg=\u00bb1&#8243; css_animation=\u00bbnone\u00bb el_class=\u00bbbanner_servicio\u00bb][vc_column width=\u00bb1\/2&#8243;][\/vc_column][vc_column width=\u00bb1\/2&#8243;][\/vc_column][\/vc_row][vc_row][vc_column css_animation=\u00bbleft-to-right\u00bb width=\u00bb1\/2&#8243; el_class=\u00bbleft_detalle_svc\u00bb][vc_column_text] Como sabemos, la perforaci\u00f3n proporciona la mayor parte de la informaci\u00f3n para la evaluaci\u00f3n final de un prospecto y en \u00faltima instancia, determinar\u00e1 si este es explotable econ\u00f3micamente&#8230;.<\/p>\n","protected":false},"author":1,"featured_media":0,"parent":16,"menu_order":18,"comment_status":"closed","ping_status":"closed","template":"detalle_servicio.php","meta":{"_acf_changed":false,"footnotes":""},"class_list":["post-211","page","type-page","status-publish","hentry"],"acf":[],"_links":{"self":[{"href":"https:\/\/explomin.com\/es\/wp-json\/wp\/v2\/pages\/211","targetHints":{"allow":["GET"]}}],"collection":[{"href":"https:\/\/explomin.com\/es\/wp-json\/wp\/v2\/pages"}],"about":[{"href":"https:\/\/explomin.com\/es\/wp-json\/wp\/v2\/types\/page"}],"author":[{"embeddable":true,"href":"https:\/\/explomin.com\/es\/wp-json\/wp\/v2\/users\/1"}],"replies":[{"embeddable":true,"href":"https:\/\/explomin.com\/es\/wp-json\/wp\/v2\/comments?post=211"}],"version-history":[{"count":16,"href":"https:\/\/explomin.com\/es\/wp-json\/wp\/v2\/pages\/211\/revisions"}],"predecessor-version":[{"id":1304,"href":"https:\/\/explomin.com\/es\/wp-json\/wp\/v2\/pages\/211\/revisions\/1304"}],"up":[{"embeddable":true,"href":"https:\/\/explomin.com\/es\/wp-json\/wp\/v2\/pages\/16"}],"wp:attachment":[{"href":"https:\/\/explomin.com\/es\/wp-json\/wp\/v2\/media?parent=211"}],"curies":[{"name":"wp","href":"https:\/\/api.w.org\/{rel}","templated":true}]}}