{"id":212,"date":"2022-01-30T21:26:01","date_gmt":"2022-01-30T21:26:01","guid":{"rendered":"http:\/\/localhost\/explomin\/?page_id=212"},"modified":"2022-02-22T06:48:19","modified_gmt":"2022-02-22T11:48:19","slug":"perforacion-pozos-de-agua","status":"publish","type":"page","link":"https:\/\/explomin.com\/es\/servicios\/perforacion-pozos-de-agua\/","title":{"rendered":"Perforaci\u00f3n Pozos de Agua"},"content":{"rendered":"<div class=\"wpb-content-wrapper\"><p>[vc_section][vc_row full_width=\u00bbstretch_row\u00bb parallax=\u00bbcontent-moving\u00bb parallax_image=\u00bb645&#8243; parallax_speed_bg=\u00bb1&#8243; css_animation=\u00bbnone\u00bb el_class=\u00bbbanner_servicio\u00bb][vc_column width=\u00bb1\/2&#8243;][\/vc_column][vc_column width=\u00bb1\/2&#8243;]<a class=\"button BtnCotizar\" href=\"https:\/\/explomin.com\/es\/contacto\/\" target=\"_blank\" style=\"background-color: ;\">Cotizar servicio<\/a>[\/vc_column][\/vc_row][vc_row][vc_column css_animation=\u00bbleft-to-right\u00bb width=\u00bb1\/2&#8243; el_class=\u00bbleft_detalle_svc\u00bb][vc_column_text]<strong>Desarrollamos perforaciones hidrogeol\u00f3gicas tales como:<\/strong><\/p>\n<ul>\n<li>Pozos de Agua<\/li>\n<li>Pozos de Monitoreo<\/li>\n<li>Pozos Tubulares<\/li>\n<li>Pozos de Producci\u00f3n<\/li>\n<li>Pozos de Drenaje<\/li>\n<\/ul>\n<p><strong>Para la perforaci\u00f3n de estos pozos usamos dos m\u00e9todos:<\/strong><\/p>\n<h6>SISTEMA DE PERFORACION CON CASING ADVANCER (SUPER JAW)<\/h6>\n<p>Uno de los sistemas que en la actualidad utilizamos para perforaci\u00f3n RC seg\u00fan la necesidad del cliente es este innovador sistema Casing Advancer Wireline, el cual proporciona un eficiente m\u00e9todo para perforar a trav\u00e9s de suelos descompuestos revistiendo simult\u00e1neamente hasta la roca firme. Nosotros utilizamos este sencillo sistema que de forma fiable coloca el casing mientras perfora, con independencia de las condiciones del terreno. Extraer y sustituir el Casing Advancer Wireline es r\u00e1pido, f\u00e1cil y positivo.<\/p>\n<p>Ejemplos de aplicaci\u00f3n son:<\/p>\n<ol>\n<li>Toma de muestras y testigo de suelos y terrenos de recubrimiento revistiendo simult\u00e1neamente.<\/li>\n<li>Colocaci\u00f3n de instrumentaci\u00f3n subterr\u00e1nea, tuber\u00eda ranurada y tubos perforados de drenaje.<\/li>\n<li>Revestir formaciones dif\u00edciles.<\/li>\n<\/ol>\n<h6>SISTEMA DE PERFORACION DE POZO INUNDADO<\/h6>\n<p>Este sistema se utiliza generalmente para pozos de gran di\u00e1metro y consiste en retornar el material perforado a la superficie a trav\u00e9s del interior de los tubos de perforaci\u00f3n.<\/p>\n<p>La presi\u00f3n y el flujo del fluido de perforaci\u00f3n a trav\u00e9s de la boca limpia eficazmente el material perforado lejos de la boca y tambi\u00e9n evita que el pozo de sondeo se colapse. M\u00e1s atr\u00e1s de esto la presi\u00f3n hidrost\u00e1tica del fluido de perforaci\u00f3n asegura la estabilidad del pozo y su viscosidad (calculado de acuerdo con el flujo de fluido proporcionado a partir del equipo de perforaci\u00f3n y el di\u00e1metro del agujero) debe ser tal como para permitir el transporte a la superficie del material perforado.<\/p>\n<p>El fluido se compone de agua o lodo natural, pero si es necesario lodo a base de pol\u00edmero tambi\u00e9n se puede utilizar bentonita. Para permitir la eliminaci\u00f3n del material m\u00e1s grueso la velocidad de ascenso del fluido no debe ser menor de 2,5 a 3 m \/ seg. El sistema de excavaci\u00f3n puede utilizar la fuerza del impacto de una herramienta de percusi\u00f3n o la acci\u00f3n combinada de la rotaci\u00f3n de la herramienta y el par aplicado a la misma.<\/p>\n<h4>Nuestro equipo trabaja hace m\u00e1s de dos d\u00e9cadas en brindar a nuestros clientes el mejor servicio de perforaci\u00f3n. Demostrando nuestro gran compromiso por ofrecer un servicio seguro y de calidad.<\/h4>\n<p>[\/vc_column_text][\/vc_column][vc_column css_animation=\u00bbright-to-left\u00bb width=\u00bb1\/2&#8243; el_class=\u00bbgaleria_svc\u00bb]<\/p>\n<div class=\"image wrap-box no-style below\" style=\"\">\n<div class=\"wrap-box-inner\"><img decoding=\"async\" class=\"wrap-box-element\" style=\" \" src=\"https:\/\/explomin.com\/es\/wp-content\/uploads\/2022\/02\/perforacion-Pozos-de-Agua-1.jpg\" alt=\"\"\/><\/div>\n<\/div>\n<div class=\"image wrap-box no-style below\" style=\"\">\n<div class=\"wrap-box-inner\"><img decoding=\"async\" class=\"wrap-box-element\" style=\" \" src=\"https:\/\/explomin.com\/es\/wp-content\/uploads\/2022\/02\/Perforacion-Pozos-de-Agua2.jpg\" alt=\"\"\/><\/div>\n<\/div>\n<div class=\"image wrap-box no-style below\" style=\"\">\n<div class=\"wrap-box-inner\"><img decoding=\"async\" class=\"wrap-box-element\" style=\" \" src=\"https:\/\/explomin.com\/es\/wp-content\/uploads\/2022\/02\/Perforacion-Pozos-de-Agua3.jpg\" alt=\"\"\/><\/div>\n<\/div>\n<p>[\/vc_column][\/vc_row][\/vc_section]<\/p>\n<\/div>","protected":false},"excerpt":{"rendered":"<p>[vc_section][vc_row full_width=\u00bbstretch_row\u00bb parallax=\u00bbcontent-moving\u00bb parallax_image=\u00bb645&#8243; parallax_speed_bg=\u00bb1&#8243; css_animation=\u00bbnone\u00bb el_class=\u00bbbanner_servicio\u00bb][vc_column width=\u00bb1\/2&#8243;][\/vc_column][vc_column width=\u00bb1\/2&#8243;][\/vc_column][\/vc_row][vc_row][vc_column css_animation=\u00bbleft-to-right\u00bb width=\u00bb1\/2&#8243; el_class=\u00bbleft_detalle_svc\u00bb][vc_column_text]Desarrollamos perforaciones hidrogeol\u00f3gicas tales como: Pozos de Agua Pozos de Monitoreo Pozos Tubulares Pozos de Producci\u00f3n Pozos de Drenaje Para la perforaci\u00f3n de estos pozos usamos dos m\u00e9todos: SISTEMA&#8230;<\/p>\n","protected":false},"author":1,"featured_media":0,"parent":16,"menu_order":19,"comment_status":"closed","ping_status":"closed","template":"detalle_servicio.php","meta":{"_acf_changed":false,"footnotes":""},"class_list":["post-212","page","type-page","status-publish","hentry"],"acf":[],"_links":{"self":[{"href":"https:\/\/explomin.com\/es\/wp-json\/wp\/v2\/pages\/212","targetHints":{"allow":["GET"]}}],"collection":[{"href":"https:\/\/explomin.com\/es\/wp-json\/wp\/v2\/pages"}],"about":[{"href":"https:\/\/explomin.com\/es\/wp-json\/wp\/v2\/types\/page"}],"author":[{"embeddable":true,"href":"https:\/\/explomin.com\/es\/wp-json\/wp\/v2\/users\/1"}],"replies":[{"embeddable":true,"href":"https:\/\/explomin.com\/es\/wp-json\/wp\/v2\/comments?post=212"}],"version-history":[{"count":17,"href":"https:\/\/explomin.com\/es\/wp-json\/wp\/v2\/pages\/212\/revisions"}],"predecessor-version":[{"id":1305,"href":"https:\/\/explomin.com\/es\/wp-json\/wp\/v2\/pages\/212\/revisions\/1305"}],"up":[{"embeddable":true,"href":"https:\/\/explomin.com\/es\/wp-json\/wp\/v2\/pages\/16"}],"wp:attachment":[{"href":"https:\/\/explomin.com\/es\/wp-json\/wp\/v2\/media?parent=212"}],"curies":[{"name":"wp","href":"https:\/\/api.w.org\/{rel}","templated":true}]}}