{"id":213,"date":"2022-01-30T21:26:06","date_gmt":"2022-01-30T21:26:06","guid":{"rendered":"http:\/\/localhost\/explomin\/?page_id=213"},"modified":"2022-02-22T06:48:36","modified_gmt":"2022-02-22T11:48:36","slug":"perforacion-geotecnica","status":"publish","type":"page","link":"https:\/\/explomin.com\/es\/servicios\/perforacion-geotecnica\/","title":{"rendered":"Perforaci\u00f3n Geot\u00e9cnica"},"content":{"rendered":"<div class=\"wpb-content-wrapper\"><p>[vc_section][vc_row full_width=\u00bbstretch_row\u00bb parallax=\u00bbcontent-moving\u00bb parallax_image=\u00bb648&#8243; parallax_speed_bg=\u00bb1&#8243; css_animation=\u00bbnone\u00bb el_class=\u00bbbanner_servicio\u00bb][vc_column width=\u00bb1\/2&#8243;][\/vc_column][vc_column width=\u00bb1\/2&#8243;]<a class=\"button BtnCotizar\" href=\"https:\/\/explomin.com\/es\/contacto\/\" target=\"_blank\" style=\"background-color: ;\">Cotizar servicio<\/a>[\/vc_column][\/vc_row][vc_row][vc_column css_animation=\u00bbleft-to-right\u00bb width=\u00bb1\/2&#8243; el_class=\u00bbleft_detalle_svc\u00bb][vc_column_text]<strong>Nuestra divisi\u00f3n de GEOTECNIA ofrece los siguientes servicios para las diferentes necesidades de diversos sectores<\/strong><\/p>\n<h6>Perforaci\u00f3n geot\u00e9cnica e instalaci\u00f3n de:<\/h6>\n<ol>\n<li>Piez\u00f3metros de Tubo Abierto Tipo Casagrande<\/li>\n<li>Piez\u00f3metros de Cuerda Vibrante<\/li>\n<li>Inclin\u00f3metros<\/li>\n<\/ol>\n<h6>Pruebas y ensayos geot\u00e9cnicos de porosidad, permeabilidad y compactaci\u00f3n<\/h6>\n<ol>\n<li>Ensayo SPT<\/li>\n<li>Ensayo LPT<\/li>\n<li>Ensayo con Cono Peck<\/li>\n<li>Ensayo con Veleta<\/li>\n<li>Muestreo en Tubo Shelby<\/li>\n<li>Ensayo de permeabilidad Lugeon<\/li>\n<li>Ensayo de permeabilidad Lefranc<\/li>\n<\/ol>\n<p>Explomin, cuenta con equipos modernos de control de par\u00e1metros para el mejor desarrollo de estas pruebas, manteniendo de ese modo los est\u00e1ndares internacionales para tal fin. Nuestros t\u00e9cnicos e ingenieros poseen una amplia experiencia en el desarrollo de pruebas de campo de mediana y gran envergadura.<\/p>\n<h6>Instrumentaci\u00f3n Geot\u00e9cnica<\/h6>\n<p>El servicio en instrumentaci\u00f3n geot\u00e9cnica no solo est\u00e1 orientado a la instalaci\u00f3n de los equipos geot\u00e9cnicos, tambi\u00e9n est\u00e1 dirigido a:<\/p>\n<ol>\n<li>Monitoreo e interpretaci\u00f3n de la instrumentaci\u00f3n geot\u00e9cnica posterior a su instalaci\u00f3n.<\/li>\n<li>Conducci\u00f3n de cables durante las obras de construcci\u00f3n.<\/li>\n<li>Reparaci\u00f3n y mantenimiento de cables de cuerda vibrante y puesta en funcionamiento de paneles de control.<\/li>\n<\/ol>\n<h6>Tratamiento de Fundaciones (Grouting)<\/h6>\n<p>Explomin desarrolla el control del tratamiento de fundaciones \u2013 inyecciones de cemento (Grouting), mediante sensores y equipos de lectura digitales en tiempo real, orientados a inyecciones est\u00e1ndar o empleando el m\u00e9todo GIN (Grout Intensity Number), acorde a las exigencias de cada proyecto. El desarrollo de estos trabajos tambi\u00e9n incluye el dise\u00f1o de mezclas o lechadas de cemento para tal cometido. Aplicamos gran \u00e9nfasis al control de calidad In Situ de las mezclas de cemento para la obtenci\u00f3n de los resultados esperados del tratamiento.<\/p>\n<h4>Nuestro equipo trabaja hace m\u00e1s de dos d\u00e9cadas en brindar a nuestros clientes el mejor servicio de perforaci\u00f3n. Demostrando nuestro gran compromiso por ofrecer un servicio seguro y de calidad.<\/h4>\n<p>[\/vc_column_text][\/vc_column][vc_column css_animation=\u00bbright-to-left\u00bb width=\u00bb1\/2&#8243; el_class=\u00bbgaleria_svc\u00bb]<\/p>\n<div class=\"image wrap-box no-style below\" style=\"\">\n<div class=\"wrap-box-inner\"><img decoding=\"async\" class=\"wrap-box-element\" style=\" \" src=\"https:\/\/explomin.com\/es\/wp-content\/uploads\/2022\/02\/Perforacion-Geotecnica-1.jpg\" alt=\"\"\/><\/div>\n<\/div>\n<div class=\"image wrap-box no-style below\" style=\"\">\n<div class=\"wrap-box-inner\"><img decoding=\"async\" class=\"wrap-box-element\" style=\" \" src=\"https:\/\/explomin.com\/es\/wp-content\/uploads\/2022\/02\/Perforacion-Geotecnica2.jpg\" alt=\"\"\/><\/div>\n<\/div>\n<p>[\/vc_column][\/vc_row][\/vc_section]<\/p>\n<\/div>","protected":false},"excerpt":{"rendered":"<p>[vc_section][vc_row full_width=\u00bbstretch_row\u00bb parallax=\u00bbcontent-moving\u00bb parallax_image=\u00bb648&#8243; parallax_speed_bg=\u00bb1&#8243; css_animation=\u00bbnone\u00bb el_class=\u00bbbanner_servicio\u00bb][vc_column width=\u00bb1\/2&#8243;][\/vc_column][vc_column width=\u00bb1\/2&#8243;][\/vc_column][\/vc_row][vc_row][vc_column css_animation=\u00bbleft-to-right\u00bb width=\u00bb1\/2&#8243; el_class=\u00bbleft_detalle_svc\u00bb][vc_column_text]Nuestra divisi\u00f3n de GEOTECNIA ofrece los siguientes servicios para las diferentes necesidades de diversos sectores Perforaci\u00f3n geot\u00e9cnica e instalaci\u00f3n de: Piez\u00f3metros de Tubo Abierto Tipo Casagrande Piez\u00f3metros de Cuerda&#8230;<\/p>\n","protected":false},"author":1,"featured_media":0,"parent":16,"menu_order":20,"comment_status":"closed","ping_status":"closed","template":"detalle_servicio.php","meta":{"_acf_changed":false,"footnotes":""},"class_list":["post-213","page","type-page","status-publish","hentry"],"acf":[],"_links":{"self":[{"href":"https:\/\/explomin.com\/es\/wp-json\/wp\/v2\/pages\/213","targetHints":{"allow":["GET"]}}],"collection":[{"href":"https:\/\/explomin.com\/es\/wp-json\/wp\/v2\/pages"}],"about":[{"href":"https:\/\/explomin.com\/es\/wp-json\/wp\/v2\/types\/page"}],"author":[{"embeddable":true,"href":"https:\/\/explomin.com\/es\/wp-json\/wp\/v2\/users\/1"}],"replies":[{"embeddable":true,"href":"https:\/\/explomin.com\/es\/wp-json\/wp\/v2\/comments?post=213"}],"version-history":[{"count":12,"href":"https:\/\/explomin.com\/es\/wp-json\/wp\/v2\/pages\/213\/revisions"}],"predecessor-version":[{"id":1306,"href":"https:\/\/explomin.com\/es\/wp-json\/wp\/v2\/pages\/213\/revisions\/1306"}],"up":[{"embeddable":true,"href":"https:\/\/explomin.com\/es\/wp-json\/wp\/v2\/pages\/16"}],"wp:attachment":[{"href":"https:\/\/explomin.com\/es\/wp-json\/wp\/v2\/media?parent=213"}],"curies":[{"name":"wp","href":"https:\/\/api.w.org\/{rel}","templated":true}]}}