{"id":214,"date":"2022-01-30T21:26:11","date_gmt":"2022-01-30T21:26:11","guid":{"rendered":"http:\/\/localhost\/explomin\/?page_id=214"},"modified":"2022-02-22T06:48:47","modified_gmt":"2022-02-22T11:48:47","slug":"soluciones-mineras","status":"publish","type":"page","link":"https:\/\/explomin.com\/es\/servicios\/soluciones-mineras\/","title":{"rendered":"Soluciones Mineras"},"content":{"rendered":"<div class=\"wpb-content-wrapper\"><p>[vc_section][vc_row full_width=\u00bbstretch_row\u00bb parallax=\u00bbcontent-moving\u00bb parallax_image=\u00bb230&#8243; parallax_speed_bg=\u00bb1&#8243; css_animation=\u00bbnone\u00bb el_class=\u00bbbanner_servicio\u00bb][vc_column width=\u00bb1\/2&#8243;][\/vc_column][vc_column width=\u00bb1\/2&#8243;]<a class=\"button BtnCotizar\" href=\"https:\/\/explomin.com\/es\/contacto\/\" target=\"_blank\" style=\"background-color: ;\">Cotizar servicio<\/a>[\/vc_column][\/vc_row][vc_row][vc_column css_animation=\u00bbleft-to-right\u00bb width=\u00bb1\/2&#8243; el_class=\u00bbleft_detalle_svc soluciones_mineras\u00bb][vc_column_text]<img loading=\"lazy\" decoding=\"async\" class=\"alignnone size-medium wp-image-692\" src=\"https:\/\/explomin.com\/es\/wp-content\/uploads\/2022\/02\/logo-explomin-mining-solutions-300x106.png\" alt=\"\" width=\"300\" height=\"106\" srcset=\"https:\/\/explomin.com\/es\/wp-content\/uploads\/2022\/02\/logo-explomin-mining-solutions-300x106.png 300w, https:\/\/explomin.com\/es\/wp-content\/uploads\/2022\/02\/logo-explomin-mining-solutions.png 306w\" sizes=\"auto, (max-width: 300px) 100vw, 300px\" \/><\/p>\n<p>Buscamos ofrecer soluciones integrales al Cliente, por ello hemos desarrollado la divisi\u00f3n Explomin Mining Solutions. Esta nueva divisi\u00f3n ofrece una alternativa que permite profesionalizar el servicio reemplazando la tercerizaci\u00f3n de personal por un servicio estructurado que cumple con los requisitos t\u00e9cnico, laboral y legal del cliente.<\/p>\n<h6>Experiencia en el servicio<\/h6>\n<p>Nuestra experiencia en exploraciones mineras nos ha permitido conocer a detalle las operaciones y ofrecemos un servicio integral desde geolog\u00eda, perforaci\u00f3n hasta los servicios geol\u00f3gicos que requieran realizar.<\/p>\n<h6>Propuesta de valor<\/h6>\n<p>El servicio es ejecutado de manera m\u00e1s eficiente debido a que tenemos control del servicio al 100%<br \/>\nDe este modo toda la responsabilidad del manejo del personal y recursos es de EXPLOMIN. Y la informaci\u00f3n brindada es m\u00e1s confiable al ser manejada por una sola empresa.<\/p>\n<h6>Ventajas de la Sinergia<\/h6>\n<ol>\n<li>Una sola empresa para el servicio de perforaci\u00f3n y servicios geol\u00f3gicos ofrece costos m\u00e1s bajos<\/li>\n<li>Menos personal administrativo = Menor riesgo en Seguridad<\/li>\n<li>Mayor rapidez de ejecuci\u00f3n = Menores tiempos de afiliaci\u00f3n<\/li>\n<li>Mejor reportabilidad<\/li>\n<\/ol>\n<h6>Planes de Trabajo<\/h6>\n<p><img loading=\"lazy\" decoding=\"async\" class=\"alignnone wp-image-694 size-full\" src=\"https:\/\/explomin.com\/es\/wp-content\/uploads\/2022\/02\/planes-de-trabajo.png\" alt=\"\" width=\"490\" height=\"239\" srcset=\"https:\/\/explomin.com\/es\/wp-content\/uploads\/2022\/02\/planes-de-trabajo.png 490w, https:\/\/explomin.com\/es\/wp-content\/uploads\/2022\/02\/planes-de-trabajo-300x146.png 300w\" sizes=\"auto, (max-width: 490px) 100vw, 490px\" \/><\/p>\n<p>&nbsp;<\/p>\n<h6>Equipo de Profesionales<\/h6>\n<p>Contamos con un staff de profesionales con amplia experiencia en el servicio, que nos permiten brindar un servicio altamente calificado mediante nuestro equipo de ge\u00f3logos en sus diferentes especialidades y enfoques seg\u00fan la necesidad del Cliente.<\/p>\n<h4>Nuestro equipo trabaja hace m\u00e1s de dos d\u00e9cadas en brindar a nuestros clientes el mejor servicio de perforaci\u00f3n. Demostrando nuestro gran compromiso por ofrecer un servicio seguro y de calidad.<\/h4>\n<p>[\/vc_column_text][\/vc_column][vc_column css_animation=\u00bbright-to-left\u00bb width=\u00bb1\/2&#8243; el_class=\u00bbgaleria_svc\u00bb]<\/p>\n<div class=\"image wrap-box no-style below\" style=\"\">\n<div class=\"wrap-box-inner\"><img decoding=\"async\" class=\"wrap-box-element\" style=\" \" src=\"https:\/\/explomin.com\/es\/wp-content\/uploads\/2022\/02\/Soluciones-Mineras1.jpg\" alt=\"\"\/><\/div>\n<\/div>\n<div class=\"image wrap-box no-style below\" style=\"\">\n<div class=\"wrap-box-inner\"><img decoding=\"async\" class=\"wrap-box-element\" style=\" \" src=\"https:\/\/explomin.com\/es\/wp-content\/uploads\/2022\/02\/Soluciones-Mineras2.jpg\" alt=\"\"\/><\/div>\n<\/div>\n<p>[\/vc_column][\/vc_row][\/vc_section]<\/p>\n<\/div>","protected":false},"excerpt":{"rendered":"<p>[vc_section][vc_row full_width=\u00bbstretch_row\u00bb parallax=\u00bbcontent-moving\u00bb parallax_image=\u00bb230&#8243; parallax_speed_bg=\u00bb1&#8243; css_animation=\u00bbnone\u00bb el_class=\u00bbbanner_servicio\u00bb][vc_column width=\u00bb1\/2&#8243;][\/vc_column][vc_column width=\u00bb1\/2&#8243;][\/vc_column][\/vc_row][vc_row][vc_column css_animation=\u00bbleft-to-right\u00bb width=\u00bb1\/2&#8243; el_class=\u00bbleft_detalle_svc soluciones_mineras\u00bb][vc_column_text] Buscamos ofrecer soluciones integrales al Cliente, por ello hemos desarrollado la divisi\u00f3n Explomin Mining Solutions. Esta nueva divisi\u00f3n ofrece una alternativa que permite profesionalizar el servicio reemplazando&#8230;<\/p>\n","protected":false},"author":1,"featured_media":0,"parent":16,"menu_order":21,"comment_status":"closed","ping_status":"closed","template":"detalle_servicio.php","meta":{"_acf_changed":false,"footnotes":""},"class_list":["post-214","page","type-page","status-publish","hentry"],"acf":[],"_links":{"self":[{"href":"https:\/\/explomin.com\/es\/wp-json\/wp\/v2\/pages\/214","targetHints":{"allow":["GET"]}}],"collection":[{"href":"https:\/\/explomin.com\/es\/wp-json\/wp\/v2\/pages"}],"about":[{"href":"https:\/\/explomin.com\/es\/wp-json\/wp\/v2\/types\/page"}],"author":[{"embeddable":true,"href":"https:\/\/explomin.com\/es\/wp-json\/wp\/v2\/users\/1"}],"replies":[{"embeddable":true,"href":"https:\/\/explomin.com\/es\/wp-json\/wp\/v2\/comments?post=214"}],"version-history":[{"count":12,"href":"https:\/\/explomin.com\/es\/wp-json\/wp\/v2\/pages\/214\/revisions"}],"predecessor-version":[{"id":1300,"href":"https:\/\/explomin.com\/es\/wp-json\/wp\/v2\/pages\/214\/revisions\/1300"}],"up":[{"embeddable":true,"href":"https:\/\/explomin.com\/es\/wp-json\/wp\/v2\/pages\/16"}],"wp:attachment":[{"href":"https:\/\/explomin.com\/es\/wp-json\/wp\/v2\/media?parent=214"}],"curies":[{"name":"wp","href":"https:\/\/api.w.org\/{rel}","templated":true}]}}