{"id":27,"date":"2021-03-19T04:56:43","date_gmt":"2021-03-19T04:56:43","guid":{"rendered":"http:\/\/localhost\/explomin\/?page_id=27"},"modified":"2025-08-08T18:51:27","modified_gmt":"2025-08-08T23:51:27","slug":"unete-a-explomin","status":"publish","type":"page","link":"https:\/\/explomin.com\/es\/unete-a-explomin\/","title":{"rendered":"\u00danete a Explomin"},"content":{"rendered":"<div class=\"wpb-content-wrapper\"><p>[vc_section full_width=\u00bbstretch_row\u00bb el_class=\u00bbcontent_sugerencias\u00bb css=\u00bb.vc_custom_1754695389708{background-image: url(https:\/\/explomin.com\/es\/wp-content\/uploads\/2025\/08\/unete.png?id=4234) !important;}\u00bb][vc_row][vc_column css_animation=\u00bbleft-to-right\u00bb width=\u00bb1\/2&#8243; el_class=\u00bbform_sugerencia\u00bb][vc_column_text css=\u00bb\u00bb]<strong data-start=\"155\" data-end=\"195\">Postula y s\u00e9 parte de Explomin Per\u00fa! \ud83c\uddf5\ud83c\uddea&nbsp;<\/strong><\/p>\n<p>Queremos conocerte. Env\u00eda tu Curr\u00edculum Vitae y, si existe una vacante que se ajuste a tu perfil, te contactaremos para sumarte a nuestro equipo en Per\u00fa.[\/vc_column_text]<noscript class=\"ninja-forms-noscript-message\">\n\tAviso: Se requiere JavaScript para este contenido.<\/noscript>\n<div id=\"nf-form-6-cont\" class=\"nf-form-cont\" aria-live=\"polite\" aria-labelledby=\"nf-form-title-6\" aria-describedby=\"nf-form-errors-6\" role=\"form\">\n\n    <div class=\"nf-loading-spinner\"><\/div>\n\n<\/div>\n        <!-- That data is being printed as a workaround to page builders reordering the order of the scripts loaded-->\n        <script>var formDisplay=1;var nfForms=nfForms||[];var form=[];form.id='6';form.settings={\"objectType\":\"Form Setting\",\"editActive\":true,\"title\":\"Formulario \\u00danete a Explomin\",\"created_at\":\"2022-02-17 07:07:02\",\"default_label_pos\":\"hidden\",\"show_title\":\"0\",\"clear_complete\":\"1\",\"hide_complete\":\"1\",\"logged_in\":\"\",\"wrapper_class\":\"\",\"element_class\":\"\",\"key\":\"\",\"add_submit\":\"0\",\"changeEmailErrorMsg\":\"Introduce una direcci\\u00f3n de correo electr\\u00f3nico v\\u00e1lida.\",\"changeDateErrorMsg\":\"\\u00a1Introduce una fecha v\\u00e1lida!\",\"confirmFieldErrorMsg\":\"Estos campos deben coincidir.\",\"fieldNumberNumMinError\":\"Error de n\\u00famero m\\u00ednimo\",\"fieldNumberNumMaxError\":\"Error de n\\u00famero m\\u00e1ximo\",\"fieldNumberIncrementBy\":\"Increm\\u00e9ntalo por \",\"formErrorsCorrectErrors\":\"Corrige los errores antes de enviar este formulario.\",\"validateRequiredField\":\"Esto es un campo obligatorio.\",\"honeypotHoneypotError\":\"Error de Honeypot\",\"fieldsMarkedRequired\":\"Los campos marcados con <span class=\\\"ninja-forms-req-symbol\\\">*<\\\/span> son obligatorios\",\"currency\":\"\",\"unique_field_error\":\"Ya se ha enviado un formulario con este valor.\",\"not_logged_in_msg\":\"\",\"sub_limit_msg\":\"Has alcanzado el l\\u00edmite de env\\u00edos en el formulario.\",\"calculations\":[],\"container_styles_show_advanced_css\":\"0\",\"title_styles_show_advanced_css\":\"0\",\"row_styles_show_advanced_css\":\"0\",\"row-odd_styles_show_advanced_css\":\"0\",\"success-msg_styles_show_advanced_css\":\"0\",\"error_msg_styles_show_advanced_css\":\"0\",\"formContentData\":[{\"order\":1,\"cells\":[{\"order\":0,\"fields\":[\"nombres_y_apellidos_1644232767141\"],\"width\":\"100\"}]},{\"order\":2,\"cells\":[{\"order\":0,\"fields\":[\"phone_1644232783424\"],\"width\":\"100\"}]},{\"order\":3,\"cells\":[{\"order\":0,\"fields\":[\"email_1644232810897\"],\"width\":\"100\"}]},{\"order\":4,\"cells\":[{\"order\":0,\"fields\":[\"file_upload_1656433128132\"],\"width\":\"100\"}]},{\"order\":5,\"cells\":[{\"order\":0,\"fields\":[\"linkedin_web_opcional_1645099690681\"],\"width\":\"100\"}]},{\"order\":6,\"cells\":[{\"order\":0,\"fields\":[\"he_leido_y_acepto_la_menos_que_a_href_https_explomin_com_es_politica-de-privacidad-web_target_blank_mas_que_politica_de_privacidad_web_menos_que_a_mas_que_de_menos_que_strong_mas_que_explomin_del_peru_s_a_c_menos_que_strong_mas_que_1757975381449\"],\"width\":\"100\"}]},{\"order\":7,\"cells\":[{\"order\":0,\"fields\":[\"otorgo_mi_consentimiento_para_que_explomin_del_peru_s_a_c_trate_mis_datos_personales_para_fines_de_publicidad_y_prospeccion_comercial_1757975400921\"],\"width\":\"100\"}]},{\"order\":8,\"cells\":[{\"order\":0,\"fields\":[\"acceder_al_formato_de_solicitud_de_derechos_1757975419781\"],\"width\":\"100\"}]},{\"order\":9,\"cells\":[{\"order\":0,\"fields\":[\"submit_1644232857390\"],\"width\":\"100\"}]}],\"drawerDisabled\":false,\"allow_public_link\":0,\"embed_form\":\"\",\"repeatable_fieldsets\":\"\",\"container_styles_border\":\"\",\"container_styles_height\":\"\",\"container_styles_margin\":\"\",\"container_styles_padding\":\"\",\"container_styles_float\":\"\",\"title_styles_border\":\"\",\"title_styles_height\":\"\",\"title_styles_width\":\"\",\"title_styles_font-size\":\"\",\"title_styles_margin\":\"\",\"title_styles_padding\":\"\",\"title_styles_float\":\"\",\"row_styles_border\":\"\",\"row_styles_width\":\"\",\"row_styles_font-size\":\"\",\"row_styles_margin\":\"\",\"row_styles_padding\":\"\",\"row-odd_styles_border\":\"\",\"row-odd_styles_height\":\"\",\"row-odd_styles_width\":\"\",\"row-odd_styles_font-size\":\"\",\"row-odd_styles_margin\":\"\",\"row-odd_styles_padding\":\"\",\"success-msg_styles_border\":\"\",\"success-msg_styles_height\":\"\",\"success-msg_styles_width\":\"\",\"success-msg_styles_font-size\":\"\",\"success-msg_styles_margin\":\"\",\"success-msg_styles_padding\":\"\",\"error_msg_styles_border\":\"\",\"error_msg_styles_width\":\"\",\"error_msg_styles_font-size\":\"\",\"error_msg_styles_margin\":\"\",\"error_msg_styles_padding\":\"\",\"form_title_heading_level\":\"3\",\"ninjaForms\":\"Ninja Forms\",\"fieldTextareaRTEInsertLink\":\"Insertar enlace\",\"fieldTextareaRTEInsertMedia\":\"Insertar medios\",\"fieldTextareaRTESelectAFile\":\"Seleccione un archivo\",\"formHoneypot\":\"Si eres un ser humano y est\\u00e1s viendo este campo, por favor d\\u00e9jalo vac\\u00edo.\",\"fileUploadOldCodeFileUploadInProgress\":\"Subida de archivo en curso.\",\"fileUploadOldCodeFileUpload\":\"SUBIDA DE ARCHIVO\",\"currencySymbol\":\"&#36;\",\"thousands_sep\":\".\",\"decimal_point\":\",\",\"siteLocale\":\"es_ES\",\"dateFormat\":\"m\\\/d\\\/Y\",\"startOfWeek\":\"1\",\"of\":\"de\",\"previousMonth\":\"Mes anterior\",\"nextMonth\":\"Pr\\u00f3ximo mes\",\"months\":[\"Enero\",\"Febrero\",\"Marzo\",\"Abril\",\"Mayo\",\"Junio\",\"Julio\",\"Agosto\",\"Septiembre\",\"Octubre\",\"Noviembre\",\"Diciembre\"],\"monthsShort\":[\"Ene\",\"Feb\",\"Mar\",\"Abr\",\"Mayo\",\"Jun\",\"Jul\",\"Ago\",\"Sep\",\"Oct\",\"Nov\",\"Dic\"],\"weekdays\":[\"Domingo\",\"Lunes\",\"Martes\",\"Mi\\u00e9rcoles\",\"Jueves\",\"Viernes\",\"S\\u00e1bado\"],\"weekdaysShort\":[\"Dom\",\"Lun\",\"Mar\",\"Mi\\u00e9\",\"Jue\",\"Vie\",\"S\\u00e1b\"],\"weekdaysMin\":[\"Do\",\"Lu\",\"Ma\",\"Mi\",\"Ju\",\"Vi\",\"S\\u00e1\"],\"recaptchaConsentMissing\":\"reCaptcha validation couldn&#039;t load.\",\"recaptchaMissingCookie\":\"reCaptcha v3 validation couldn&#039;t load the cookie needed to submit the form.\",\"recaptchaConsentEvent\":\"Accept reCaptcha cookies before sending the form.\",\"currency_symbol\":\"\",\"beforeForm\":\"\",\"beforeFields\":\"\",\"afterFields\":\"\",\"afterForm\":\"\"};form.fields=[{\"objectType\":\"Field\",\"objectDomain\":\"fields\",\"editActive\":false,\"order\":1,\"idAttribute\":\"id\",\"type\":\"firstname\",\"label\":\"Nombres y Apellidos\",\"key\":\"nombres_y_apellidos_1644232767141\",\"label_pos\":\"hidden\",\"required\":1,\"default\":\"\",\"placeholder\":\"Nombres y Apellidos\",\"container_class\":\"\",\"element_class\":\"\",\"admin_label\":\"\",\"help_text\":\"\",\"custom_name_attribute\":\"fname\",\"personally_identifiable\":1,\"wrap_styles_border\":\"\",\"wrap_styles_width\":\"\",\"wrap_styles_margin\":\"\",\"wrap_styles_padding\":\"\",\"wrap_styles_float\":\"\",\"wrap_styles_show_advanced_css\":0,\"label_styles_border\":\"\",\"label_styles_width\":\"\",\"label_styles_font-size\":\"\",\"label_styles_margin\":\"\",\"label_styles_padding\":\"\",\"label_styles_float\":\"\",\"label_styles_show_advanced_css\":0,\"element_styles_border\":\"\",\"element_styles_width\":\"\",\"element_styles_font-size\":\"\",\"element_styles_margin\":\"\",\"element_styles_padding\":\"\",\"element_styles_float\":\"\",\"element_styles_show_advanced_css\":0,\"cellcid\":\"c3655\",\"value\":\"\",\"drawerDisabled\":\"\",\"field_label\":\"Nombres y Apellidos\",\"field_key\":\"nombres_y_apellidos_1644232767141\",\"id\":45,\"beforeField\":\"\",\"afterField\":\"\",\"parentType\":\"firstname\",\"element_templates\":[\"firstname\",\"input\"],\"old_classname\":\"\",\"wrap_template\":\"wrap\"},{\"objectType\":\"Field\",\"objectDomain\":\"fields\",\"editActive\":false,\"order\":2,\"idAttribute\":\"id\",\"type\":\"phone\",\"label\":\"Tel\\u00e9fono\",\"key\":\"phone_1644232783424\",\"label_pos\":\"hidden\",\"required\":1,\"default\":\"\",\"placeholder\":\"Tel\\u00e9fono\",\"container_class\":\"\",\"element_class\":\"\",\"input_limit\":\"\",\"input_limit_type\":\"characters\",\"input_limit_msg\":\"Caracteres restantes\",\"manual_key\":\"\",\"admin_label\":\"\",\"help_text\":\"\",\"mask\":\"\",\"custom_mask\":\"\",\"custom_name_attribute\":\"phone\",\"personally_identifiable\":1,\"wrap_styles_border\":\"\",\"wrap_styles_width\":\"\",\"wrap_styles_margin\":\"\",\"wrap_styles_padding\":\"\",\"wrap_styles_float\":\"\",\"wrap_styles_show_advanced_css\":0,\"label_styles_border\":\"\",\"label_styles_width\":\"\",\"label_styles_font-size\":\"\",\"label_styles_margin\":\"\",\"label_styles_padding\":\"\",\"label_styles_float\":\"\",\"label_styles_show_advanced_css\":0,\"element_styles_border\":\"\",\"element_styles_width\":\"\",\"element_styles_font-size\":\"\",\"element_styles_margin\":\"\",\"element_styles_padding\":\"\",\"element_styles_float\":\"\",\"element_styles_show_advanced_css\":0,\"cellcid\":\"c3659\",\"value\":\"\",\"drawerDisabled\":\"\",\"field_label\":\"Tel\\u00e9fono\",\"field_key\":\"phone_1644232783424\",\"id\":46,\"beforeField\":\"\",\"afterField\":\"\",\"parentType\":\"textbox\",\"element_templates\":[\"tel\",\"textbox\",\"input\"],\"old_classname\":\"\",\"wrap_template\":\"wrap\"},{\"objectType\":\"Field\",\"objectDomain\":\"fields\",\"editActive\":false,\"order\":3,\"idAttribute\":\"id\",\"type\":\"email\",\"label\":\"Correo electr\\u00f3nico\",\"key\":\"email_1644232810897\",\"label_pos\":\"hidden\",\"required\":1,\"default\":\"\",\"placeholder\":\"Email\",\"container_class\":\"\",\"element_class\":\"\",\"admin_label\":\"\",\"help_text\":\"\",\"custom_name_attribute\":\"email\",\"personally_identifiable\":1,\"wrap_styles_border\":\"\",\"wrap_styles_width\":\"\",\"wrap_styles_margin\":\"\",\"wrap_styles_padding\":\"\",\"wrap_styles_float\":\"\",\"wrap_styles_show_advanced_css\":0,\"label_styles_border\":\"\",\"label_styles_width\":\"\",\"label_styles_font-size\":\"\",\"label_styles_margin\":\"\",\"label_styles_padding\":\"\",\"label_styles_float\":\"\",\"label_styles_show_advanced_css\":0,\"element_styles_border\":\"\",\"element_styles_width\":\"\",\"element_styles_font-size\":\"\",\"element_styles_margin\":\"\",\"element_styles_padding\":\"\",\"element_styles_float\":\"\",\"element_styles_show_advanced_css\":0,\"cellcid\":\"c3662\",\"value\":\"\",\"drawerDisabled\":\"\",\"field_label\":\"Correo electr\\u00f3nico\",\"field_key\":\"email_1644232810897\",\"id\":47,\"beforeField\":\"\",\"afterField\":\"\",\"parentType\":\"email\",\"element_templates\":[\"email\",\"input\"],\"old_classname\":\"\",\"wrap_template\":\"wrap\"},{\"objectType\":\"Field\",\"objectDomain\":\"fields\",\"editActive\":false,\"order\":4,\"idAttribute\":\"id\",\"label\":\"Adjuntar Curriculum\",\"type\":\"file_upload\",\"key\":\"file_upload_1656433128132\",\"label_pos\":\"hidden\",\"required\":false,\"container_class\":\"\",\"element_class\":\"\",\"manual_key\":true,\"help_text\":\"<p><br><\\\/p>\",\"wrap_styles_border\":\"\",\"wrap_styles_width\":\"\",\"wrap_styles_margin\":\"\",\"wrap_styles_padding\":\"\",\"wrap_styles_float\":\"\",\"wrap_styles_show_advanced_css\":0,\"label_styles_border\":\"\",\"label_styles_width\":\"\",\"label_styles_font-size\":\"\",\"label_styles_margin\":\"\",\"label_styles_padding\":\"\",\"label_styles_float\":\"\",\"label_styles_show_advanced_css\":0,\"element_styles_border\":\"\",\"element_styles_width\":\"\",\"element_styles_font-size\":\"\",\"element_styles_margin\":\"\",\"element_styles_padding\":\"\",\"element_styles_float\":\"\",\"element_styles_show_advanced_css\":0,\"progress_bar_styles_border\":\"\",\"progress_bar_styles_height\":\"\",\"progress_bar_styles_width\":\"\",\"progress_bar_styles_font-size\":\"\",\"progress_bar_styles_margin\":\"\",\"progress_bar_styles_padding\":\"\",\"progress_bar_styles_float\":\"\",\"progress_bar_styles_show_advanced_css\":0,\"progress_bar_background_styles_border\":\"\",\"progress_bar_background_styles_height\":\"\",\"progress_bar_background_styles_width\":\"\",\"progress_bar_background_styles_font-size\":\"\",\"progress_bar_background_styles_margin\":\"\",\"progress_bar_background_styles_padding\":\"\",\"progress_bar_background_styles_float\":\"\",\"progress_bar_background_styles_show_advanced_css\":0,\"upload_files_list_styles_border\":\"\",\"upload_files_list_styles_height\":\"\",\"upload_files_list_styles_width\":\"\",\"upload_files_list_styles_font-size\":\"\",\"upload_files_list_styles_margin\":\"\",\"upload_files_list_styles_padding\":\"\",\"upload_files_list_styles_float\":\"\",\"upload_files_list_styles_show_advanced_css\":0,\"upload_file_delete_styles_border\":\"\",\"upload_file_delete_styles_height\":\"\",\"upload_file_delete_styles_width\":\"\",\"upload_file_delete_styles_font-size\":\"\",\"upload_file_delete_styles_margin\":\"\",\"upload_file_delete_styles_padding\":\"\",\"upload_file_delete_styles_float\":\"\",\"upload_file_delete_styles_show_advanced_css\":0,\"submit_element_hover_styles_border\":\"\",\"submit_element_hover_styles_width\":\"\",\"submit_element_hover_styles_font-size\":\"\",\"submit_element_hover_styles_margin\":\"\",\"submit_element_hover_styles_padding\":\"\",\"submit_element_hover_styles_float\":\"\",\"submit_element_hover_styles_show_advanced_css\":0,\"save_to_server\":0,\"upload_rename\":\"{other:random}\",\"media_library\":0,\"upload_multi_count\":1,\"upload_types\":\".pdf,.doc,.docx,.docm,.dot\",\"max_file_size\":0,\"min_file_size\":0,\"select_files_text\":\"Adjuntar Curriculum\",\"cancel_upload_text\":\"Cancelar\",\"cellcid\":\"c3665\",\"drawerDisabled\":false,\"desc_text\":\"<p><br><\\\/p>\",\"id\":56,\"beforeField\":\"\",\"afterField\":\"\",\"value\":\"\",\"parentType\":\"textbox\",\"element_templates\":[\"file_upload\",\"input\"],\"old_classname\":\"\",\"wrap_template\":\"wrap\",\"max_chunk_size\":60397978,\"max_file_size_mb\":\"\",\"min_file_size_mb\":0,\"uploadNonce\":\"da600ab97b\",\"uploadNonceExpiry\":1776446615},{\"objectType\":\"Field\",\"objectDomain\":\"fields\",\"editActive\":false,\"order\":5,\"idAttribute\":\"id\",\"type\":\"textbox\",\"label\":\"Linkedin \\\/ Web (opcional)\",\"key\":\"linkedin_web_opcional_1645099690681\",\"label_pos\":\"hidden\",\"required\":\"\",\"default\":\"\",\"placeholder\":\"Linkedin \\\/ Web (opcional)\",\"container_class\":\"\",\"element_class\":\"\",\"input_limit\":\"\",\"input_limit_type\":\"characters\",\"input_limit_msg\":\"Caracteres restantes\",\"manual_key\":\"\",\"admin_label\":\"\",\"help_text\":\"\",\"mask\":\"\",\"custom_mask\":\"\",\"custom_name_attribute\":\"\",\"personally_identifiable\":\"\",\"wrap_styles_border\":\"\",\"wrap_styles_width\":\"\",\"wrap_styles_margin\":\"\",\"wrap_styles_padding\":\"\",\"wrap_styles_float\":\"\",\"wrap_styles_show_advanced_css\":0,\"label_styles_border\":\"\",\"label_styles_width\":\"\",\"label_styles_font-size\":\"\",\"label_styles_margin\":\"\",\"label_styles_padding\":\"\",\"label_styles_float\":\"\",\"label_styles_show_advanced_css\":0,\"element_styles_border\":\"\",\"element_styles_width\":\"\",\"element_styles_font-size\":\"\",\"element_styles_margin\":\"\",\"element_styles_padding\":\"\",\"element_styles_float\":\"\",\"element_styles_show_advanced_css\":0,\"cellcid\":\"c3668\",\"value\":\"\",\"drawerDisabled\":false,\"field_label\":\"Proyecto y\\\/o \\u00e1rea\",\"field_key\":\"proyecto_y_o_area_1645018019897\",\"id\":50,\"beforeField\":\"\",\"afterField\":\"\",\"parentType\":\"textbox\",\"element_templates\":[\"textbox\",\"input\"],\"old_classname\":\"\",\"wrap_template\":\"wrap\"},{\"objectType\":\"Field\",\"objectDomain\":\"fields\",\"editActive\":false,\"order\":6,\"idAttribute\":\"id\",\"label\":\"He le\\u00eddo y acepto la <a href=\\\"https:\\\/\\\/explomin.com\\\/es\\\/politica-de-privacidad-web\\\/\\\" target=\\\"_blank\\\">Pol\\u00edtica de Privacidad (web)<\\\/a> de <strong>Explomin del Per\\u00fa S.A.C.<\\\/strong>\",\"type\":\"checkbox\",\"key\":\"he_leido_y_acepto_la_menos_que_a_href_https_explomin_com_es_politica-de-privacidad-web_target_blank_mas_que_politica_de_privacidad_web_menos_que_a_mas_que_de_menos_que_strong_mas_que_explomin_del_peru_s_a_c_menos_que_strong_mas_que_1757975381449\",\"label_pos\":\"right\",\"required\":1,\"container_class\":\"\",\"element_class\":\"\",\"manual_key\":false,\"admin_label\":\"\",\"help_text\":\"\",\"default_value\":\"unchecked\",\"checked_value\":\"Marcado\",\"unchecked_value\":\"Desmarcado\",\"checked_calc_value\":\"\",\"unchecked_calc_value\":\"\",\"wrap_styles_border\":\"\",\"wrap_styles_width\":\"\",\"wrap_styles_margin\":\"\",\"wrap_styles_padding\":\"\",\"wrap_styles_float\":\"\",\"wrap_styles_show_advanced_css\":0,\"label_styles_border\":\"\",\"label_styles_width\":\"\",\"label_styles_font-size\":\"\",\"label_styles_margin\":\"\",\"label_styles_padding\":\"\",\"label_styles_float\":\"\",\"label_styles_show_advanced_css\":0,\"element_styles_border\":\"\",\"element_styles_width\":\"\",\"element_styles_font-size\":\"\",\"element_styles_margin\":\"\",\"element_styles_padding\":\"\",\"element_styles_float\":\"\",\"element_styles_show_advanced_css\":0,\"cellcid\":\"c3997\",\"drawerDisabled\":false,\"id\":65,\"beforeField\":\"\",\"afterField\":\"\",\"value\":\"\",\"parentType\":\"checkbox\",\"element_templates\":[\"checkbox\",\"input\"],\"old_classname\":\"\",\"wrap_template\":\"wrap\"},{\"objectType\":\"Field\",\"objectDomain\":\"fields\",\"editActive\":false,\"order\":7,\"idAttribute\":\"id\",\"label\":\"Otorgo mi consentimiento para que Explomin del Per\\u00fa S.A.C. trate mis datos personales para fines de publicidad y prospecci\\u00f3n comercial\",\"type\":\"checkbox\",\"key\":\"otorgo_mi_consentimiento_para_que_explomin_del_peru_s_a_c_trate_mis_datos_personales_para_fines_de_publicidad_y_prospeccion_comercial_1757975400921\",\"label_pos\":\"right\",\"required\":false,\"container_class\":\"\",\"element_class\":\"\",\"manual_key\":false,\"admin_label\":\"\",\"help_text\":\"\",\"default_value\":\"unchecked\",\"checked_value\":\"Marcado\",\"unchecked_value\":\"Desmarcado\",\"checked_calc_value\":\"\",\"unchecked_calc_value\":\"\",\"wrap_styles_border\":\"\",\"wrap_styles_width\":\"\",\"wrap_styles_margin\":\"\",\"wrap_styles_padding\":\"\",\"wrap_styles_float\":\"\",\"wrap_styles_show_advanced_css\":0,\"label_styles_border\":\"\",\"label_styles_width\":\"\",\"label_styles_font-size\":\"\",\"label_styles_margin\":\"\",\"label_styles_padding\":\"\",\"label_styles_float\":\"\",\"label_styles_show_advanced_css\":0,\"element_styles_border\":\"\",\"element_styles_width\":\"\",\"element_styles_font-size\":\"\",\"element_styles_margin\":\"\",\"element_styles_padding\":\"\",\"element_styles_float\":\"\",\"element_styles_show_advanced_css\":0,\"cellcid\":\"c4519\",\"drawerDisabled\":false,\"id\":66,\"beforeField\":\"\",\"afterField\":\"\",\"value\":\"\",\"parentType\":\"checkbox\",\"element_templates\":[\"checkbox\",\"input\"],\"old_classname\":\"\",\"wrap_template\":\"wrap\"},{\"objectType\":\"Field\",\"objectDomain\":\"fields\",\"editActive\":false,\"order\":8,\"idAttribute\":\"id\",\"label\":\"Acceder al formato de solicitud de derechos\",\"type\":\"html\",\"default\":\"<p><a href=\\\"https:\\\/\\\/explomin.com\\\/es\\\/wp-content\\\/uploads\\\/2025\\\/09\\\/Formato-de-solicitud-para-ejercer-derecho.pdf\\\" target=\\\"_blank\\\">Acceder al formato de solicitud de derechos<\\\/a><\\\/p>\",\"container_class\":\"txt_html\",\"element_class\":\"\",\"admin_label\":\"\",\"key\":\"acceder_al_formato_de_solicitud_de_derechos_1757975419781\",\"wrap_styles_border\":\"\",\"wrap_styles_width\":\"\",\"wrap_styles_margin\":\"\",\"wrap_styles_padding\":\"\",\"wrap_styles_float\":\"\",\"wrap_styles_show_advanced_css\":0,\"label_styles_border\":\"\",\"label_styles_width\":\"\",\"label_styles_font-size\":\"\",\"label_styles_margin\":\"\",\"label_styles_padding\":\"\",\"label_styles_float\":\"\",\"label_styles_show_advanced_css\":0,\"element_styles_border\":\"\",\"element_styles_width\":\"\",\"element_styles_font-size\":\"\",\"element_styles_margin\":\"\",\"element_styles_padding\":\"\",\"element_styles_float\":\"\",\"element_styles_show_advanced_css\":0,\"cellcid\":\"c5252\",\"drawerDisabled\":false,\"id\":67,\"beforeField\":\"\",\"afterField\":\"\",\"value\":\"<p><a href=\\\"https:\\\/\\\/explomin.com\\\/es\\\/wp-content\\\/uploads\\\/2025\\\/09\\\/Formato-de-solicitud-para-ejercer-derecho.pdf\\\" target=\\\"_blank\\\">Acceder al formato de solicitud de derechos<\\\/a><\\\/p>\",\"label_pos\":\"hidden\",\"parentType\":\"html\",\"element_templates\":[\"html\",\"input\"],\"old_classname\":\"\",\"wrap_template\":\"wrap\"},{\"objectType\":\"Field\",\"objectDomain\":\"fields\",\"editActive\":false,\"order\":9,\"idAttribute\":\"id\",\"type\":\"submit\",\"label\":\"Enviar\",\"processing_label\":\"Enviando\",\"container_class\":\"\",\"element_class\":\"\",\"key\":\"submit_1644232857390\",\"wrap_styles_border\":\"\",\"wrap_styles_width\":\"\",\"wrap_styles_margin\":\"\",\"wrap_styles_padding\":\"\",\"wrap_styles_float\":\"\",\"wrap_styles_show_advanced_css\":0,\"element_styles_border\":\"\",\"element_styles_width\":\"\",\"element_styles_font-size\":\"\",\"element_styles_margin\":\"\",\"element_styles_padding\":\"\",\"element_styles_float\":\"\",\"element_styles_show_advanced_css\":0,\"submit_element_hover_styles_border\":\"\",\"submit_element_hover_styles_width\":\"\",\"submit_element_hover_styles_font-size\":\"\",\"submit_element_hover_styles_margin\":\"\",\"submit_element_hover_styles_padding\":\"\",\"submit_element_hover_styles_float\":\"\",\"submit_element_hover_styles_show_advanced_css\":0,\"cellcid\":\"c3671\",\"drawerDisabled\":false,\"field_label\":\"Enviar\",\"field_key\":\"submit_1644232857390\",\"admin_label\":\"\",\"id\":49,\"beforeField\":\"\",\"afterField\":\"\",\"value\":\"\",\"label_pos\":\"hidden\",\"parentType\":\"textbox\",\"element_templates\":[\"submit\",\"button\",\"input\"],\"old_classname\":\"\",\"wrap_template\":\"wrap-no-label\"}];nfForms.push(form);<\/script>\n                <script id=\"nf-tmpl-cell\" type=\"text\/template\">\n            <nf-fields><\/nf-fields>\n        <\/script>\n\n        <script id=\"nf-tmpl-row\" type=\"text\/template\">\n            <nf-cells><\/nf-cells>\n        <\/script>\n\n        [\/vc_column][vc_column width=\u00bb1\/2&#8243;][\/vc_column][\/vc_row][\/vc_section][vc_row el_class=\u00bbsolo_moviles\u00bb][vc_column]<\/p>\n<div class=\"image wrap-box no-style below\" style=\"\">\n<div class=\"wrap-box-inner\"><img decoding=\"async\" class=\"wrap-box-element\" style=\" \" src=\"https:\/\/explomin.com\/es\/wp-content\/uploads\/2025\/08\/unete-responsive.png\" alt=\"\"\/><\/div>\n<\/div>\n<p>[\/vc_column][\/vc_row]<\/p>\n<\/div>","protected":false},"excerpt":{"rendered":"<p>[vc_section full_width=\u00bbstretch_row\u00bb el_class=\u00bbcontent_sugerencias\u00bb css=\u00bb.vc_custom_1754695389708{background-image: url(https:\/\/explomin.com\/es\/wp-content\/uploads\/2025\/08\/unete.png?id=4234) !important;}\u00bb][vc_row][vc_column css_animation=\u00bbleft-to-right\u00bb width=\u00bb1\/2&#8243; el_class=\u00bbform_sugerencia\u00bb][vc_column_text css=\u00bb\u00bb]Postula y s\u00e9 parte de Explomin Per\u00fa! \ud83c\uddf5\ud83c\uddea&nbsp; Queremos conocerte. Env\u00eda tu Curr\u00edculum Vitae y, si existe una vacante que se ajuste a tu perfil, te contactaremos para sumarte a nuestro&#8230;<\/p>\n","protected":false},"author":1,"featured_media":0,"parent":0,"menu_order":8,"comment_status":"closed","ping_status":"closed","template":"sugerencias.php","meta":{"_acf_changed":false,"footnotes":""},"class_list":["post-27","page","type-page","status-publish","hentry"],"acf":[],"_links":{"self":[{"href":"https:\/\/explomin.com\/es\/wp-json\/wp\/v2\/pages\/27","targetHints":{"allow":["GET"]}}],"collection":[{"href":"https:\/\/explomin.com\/es\/wp-json\/wp\/v2\/pages"}],"about":[{"href":"https:\/\/explomin.com\/es\/wp-json\/wp\/v2\/types\/page"}],"author":[{"embeddable":true,"href":"https:\/\/explomin.com\/es\/wp-json\/wp\/v2\/users\/1"}],"replies":[{"embeddable":true,"href":"https:\/\/explomin.com\/es\/wp-json\/wp\/v2\/comments?post=27"}],"version-history":[{"count":15,"href":"https:\/\/explomin.com\/es\/wp-json\/wp\/v2\/pages\/27\/revisions"}],"predecessor-version":[{"id":4239,"href":"https:\/\/explomin.com\/es\/wp-json\/wp\/v2\/pages\/27\/revisions\/4239"}],"wp:attachment":[{"href":"https:\/\/explomin.com\/es\/wp-json\/wp\/v2\/media?parent=27"}],"curies":[{"name":"wp","href":"https:\/\/api.w.org\/{rel}","templated":true}]}}