{"id":35,"date":"2021-03-19T04:58:01","date_gmt":"2021-03-19T04:58:01","guid":{"rendered":"http:\/\/localhost\/explomin\/?page_id=35"},"modified":"2022-02-22T03:15:04","modified_gmt":"2022-02-22T08:15:04","slug":"responsabilidad-social","status":"publish","type":"page","link":"https:\/\/explomin.com\/es\/responsabilidad-social\/","title":{"rendered":"Responsabilidad Social"},"content":{"rendered":"<div class=\"wpb-content-wrapper\"><p>[vc_section el_class=\u00bbresponsabilidad_content\u00bb][vc_row][vc_column css_animation=\u00bbleft-to-right\u00bb width=\u00bb1\/2&#8243;][vc_column_text el_class=\u00bbtxt_responsabilidad txt_imagen_right\u00bb]<\/p>\n<h4>La \u00e9tica y un fuerte compromiso con la sociedad forman <strong>parte de nuestras responsabilidades<\/strong><img loading=\"lazy\" decoding=\"async\" class=\"alignnone wp-image-919 size-full\" src=\"https:\/\/explomin.com\/es\/wp-content\/uploads\/2022\/02\/group.png\" alt=\"\" width=\"124\" height=\"129\" \/><\/h4>\n<p>[\/vc_column_text][vc_column_text el_class=\u00bbtxt_responsabilidad\u00bb]Estamos comprometidos en ser una Empresa socialmente responsable tanto con nuestros clientes, trabajadores, proveedores, el medio ambiente y las comunidades donde operamos, buscando aportar al desarrollo del pa\u00eds. Este es un desaf\u00edo para nosotros como Empresa, manteniendo los altos est\u00e1ndares de \u00e9tica y transparencia en las relaciones con nuestros grupos de inter\u00e9s, aportando proactivamente al desarrollo de iniciativas en nuestras comunidades con nuestro conocimiento o recursos organizacionales.<\/p>\n<p>Explomin asume como compromiso el desarrollo de su entorno, actuando de la siguiente manera:<\/p>\n<ul>\n<li>Promueve los Derechos Humanos a trav\u00e9s de nuestros programas sociales, los cuales contribuir\u00e1n en el mejoramiento de la calidad de vida de las comunidades vecinas.<\/li>\n<li>Utilizando las adecuadas herramientas y tecnolog\u00eda de vanguardia en nuestros procesos operativos, las cuales garantizan el cuidado y protecci\u00f3n del medio ambiente.<\/li>\n<li>Fomentando relaciones de confianza y mutuo respeto con las comunidades que nos rodean, basadas en un compromiso con el desarrollo sostenible y de la mano con nuestros Clientes.<\/li>\n<li>Generando posibilidades de desarrollo y bienestar a las comunidades.<\/li>\n<li>Velamos por el cumplimiento de nuestra pol\u00edtica de Responsabilidad Social en nuestras operaciones y aline\u00e1ndonos a las pol\u00edticas de las \u00e1reas de Relaciones Comunitarias de nuestros Clientes.<\/li>\n<\/ul>\n<p>[\/vc_column_text]<a class=\"button \" href=\"https:\/\/explomin.com\/es\/wp-content\/uploads\/2022\/02\/F-SGC-04-01-A-Regalos-donaciones-y-beneficios-similares-Regalos-viajes-hospitalidad.pdf\" target=\"_blank\" style=\"background-color: ;\">Donaciones y regalos<\/a>[\/vc_column][vc_column css_animation=\u00bbright-to-left\u00bb width=\u00bb1\/2&#8243;]<\/p>\n<div class=\"image wrap-box no-style below\" style=\"\">\n<div class=\"wrap-box-inner\"><img decoding=\"async\" class=\"wrap-box-element\" style=\" \" src=\"https:\/\/explomin.com\/es\/wp-content\/uploads\/2022\/02\/responsabilidad-social.jpg\" alt=\"\"\/><\/div>\n<\/div>\n<div class=\"image wrap-box no-style below\" style=\"\">\n<div class=\"wrap-box-inner\"><img decoding=\"async\" class=\"wrap-box-element\" style=\" \" src=\"https:\/\/explomin.com\/es\/wp-content\/uploads\/2022\/02\/responsabilidad-social2.jpg\" alt=\"\"\/><\/div>\n<\/div>\n<div class=\"image wrap-box no-style below\" style=\"\">\n<div class=\"wrap-box-inner\"><img decoding=\"async\" class=\"wrap-box-element\" style=\" \" src=\"https:\/\/explomin.com\/es\/wp-content\/uploads\/2022\/02\/responsabilidad-social3.jpg\" alt=\"\"\/><\/div>\n<\/div>\n<p>[\/vc_column][\/vc_row][\/vc_section]<\/p>\n<\/div>","protected":false},"excerpt":{"rendered":"<p>[vc_section el_class=\u00bbresponsabilidad_content\u00bb][vc_row][vc_column css_animation=\u00bbleft-to-right\u00bb width=\u00bb1\/2&#8243;][vc_column_text el_class=\u00bbtxt_responsabilidad txt_imagen_right\u00bb] La \u00e9tica y un fuerte compromiso con la sociedad forman parte de nuestras responsabilidades [\/vc_column_text][vc_column_text el_class=\u00bbtxt_responsabilidad\u00bb]Estamos comprometidos en ser una Empresa socialmente responsable tanto con nuestros clientes, trabajadores, proveedores, el medio ambiente y las&#8230;<\/p>\n","protected":false},"author":1,"featured_media":0,"parent":0,"menu_order":4,"comment_status":"closed","ping_status":"closed","template":"sugerencias.php","meta":{"_acf_changed":false,"footnotes":""},"class_list":["post-35","page","type-page","status-publish","hentry"],"acf":[],"_links":{"self":[{"href":"https:\/\/explomin.com\/es\/wp-json\/wp\/v2\/pages\/35","targetHints":{"allow":["GET"]}}],"collection":[{"href":"https:\/\/explomin.com\/es\/wp-json\/wp\/v2\/pages"}],"about":[{"href":"https:\/\/explomin.com\/es\/wp-json\/wp\/v2\/types\/page"}],"author":[{"embeddable":true,"href":"https:\/\/explomin.com\/es\/wp-json\/wp\/v2\/users\/1"}],"replies":[{"embeddable":true,"href":"https:\/\/explomin.com\/es\/wp-json\/wp\/v2\/comments?post=35"}],"version-history":[{"count":12,"href":"https:\/\/explomin.com\/es\/wp-json\/wp\/v2\/pages\/35\/revisions"}],"predecessor-version":[{"id":1237,"href":"https:\/\/explomin.com\/es\/wp-json\/wp\/v2\/pages\/35\/revisions\/1237"}],"wp:attachment":[{"href":"https:\/\/explomin.com\/es\/wp-json\/wp\/v2\/media?parent=35"}],"curies":[{"name":"wp","href":"https:\/\/api.w.org\/{rel}","templated":true}]}}