{"id":37,"date":"2021-03-19T04:58:14","date_gmt":"2021-03-19T04:58:14","guid":{"rendered":"http:\/\/localhost\/explomin\/?page_id=37"},"modified":"2026-03-20T17:57:58","modified_gmt":"2026-03-20T22:57:58","slug":"politicas","status":"publish","type":"page","link":"https:\/\/explomin.com\/es\/politicas\/","title":{"rendered":"Pol\u00edticas"},"content":{"rendered":"<div class=\"wpb-content-wrapper\"><p>[vc_section el_class=\u00bbcontent_politicas\u00bb][vc_row][vc_column css_animation=\u00bbbottom-to-top\u00bb][vc_tta_tour style=\u00bbmodern\u00bb shape=\u00bbsquare\u00bb color=\u00bbwhite\u00bb spacing=\u00bb\u00bb gap=\u00bb20&#8243; alignment=\u00bbcenter\u00bb active_section=\u00bb1&#8243;][vc_tta_section title=\u00bbPol\u00edticas de cumplimiento\u00bb tab_id=\u00bbpoliticas-de-cumplimiento\u00bb][vc_column_text]<\/p>\n<h2>Pol\u00edticas de cumplimiento<\/h2>\n<p>[\/vc_column_text][vc_row_inner][vc_column_inner width=\u00bb1\/1&#8243;]<\/p>\n<div class=\"one_half\">[vc_column_text]EXPLOMIN es una compa\u00f1\u00eda \u00edntegra, justa y orientada a la excelencia en todos los \u00e1mbitos, cumpliendo con las regulaciones legales y espec\u00edficas de la empresa, adem\u00e1s de la adhesi\u00f3n a los m\u00e1s altos est\u00e1ndares \u00e9ticos y de conducta profesional. Entendemos que la reputaci\u00f3n es uno de los principales activos de la empresa, que nos permitir\u00e1 asegurar la sostenibilidad del negocio en el tiempo. Asimismo, somos conscientes que la reputaci\u00f3n de EXPLOMIN est\u00e1 constituida y sostenida por la conducta de cada uno de sus colaboradores y en el desarrollo de nuestras actividades en un marco de honestidad e integridad, formando parte de nuestra cultura como organizaci\u00f3n, de nuestros objetivos estrat\u00e9gicos a largo plazo y en compromiso con un buen gobierno corporativo.<\/p>\n<p>Declaramos que en EXPLOMIN cumplimos estrictamente con las leyes, los reglamentos y las normas aplicables; por ello es inaceptable, sin excepci\u00f3n, realizar transacciones y operaciones que no cumplan con estos principios.<br \/>\nExplomin asume como compromiso el desarrollo de su entorno, actuando de la siguiente manera:[\/vc_column_text]<a class=\"button \" href=\"https:\/\/explomin.com\/es\/wp-content\/uploads\/2026\/03\/POLITICA-DE-CUMPLIMIENTO-2026-PERU.pdf\" target=\"_blank\" style=\"background-color: ;\">Descargar Pol\u00edtica de Cumplimiento<\/a><\/div>\n<div class=\"one_half last\">\n<div class=\"image wrap-box style-5 below\" style=\"\">\n<div class=\"wrap-box-inner\">\n<div class=\"shadow-wrap\"><img decoding=\"async\" class=\"wrap-box-element\" style=\" \" src=\"https:\/\/explomin.com\/es\/wp-content\/uploads\/2022\/02\/bitmap.jpg\" alt=\"\"\/><\/div>\n<\/div>\n<\/div>\n<\/div>\n<div class=\"clear\"><\/div>\n<p>[\/vc_column_inner][\/vc_row_inner][\/vc_tta_section][vc_tta_section title=\u00bbPol\u00edtica SIG-CSSMA\u00bb tab_id=\u00bbpoloticas-de-CSSMA\u00bb][vc_column_text]<\/p>\n<h2>Pol\u00edtica SIG-CSSMA<\/h2>\n<p>[\/vc_column_text]<\/p>\n<div class=\"image wrap-box style-5 below\" style=\"\">\n<div class=\"wrap-box-inner\">\n<div class=\"shadow-wrap\"><img decoding=\"async\" class=\"wrap-box-element\" style=\" \" src=\"https:\/\/explomin.com\/es\/wp-content\/uploads\/2026\/03\/FireShot-Capture-840-explomin.com_.png\" alt=\"\"\/><\/div>\n<\/div>\n<\/div>\n<p><a class=\"button \" href=\"https:\/\/explomin.com\/es\/wp-content\/uploads\/2026\/03\/01.-Politica-SIG-CSSOMA-2026-V.15.pdf\" target=\"_blank\" style=\"background-color: ;\">Pol\u00edticas SIG &#8211; CSSMA<\/a>[\/vc_tta_section][vc_tta_section title=\u00bbPol\u00edticas de regalos\u00bb tab_id=\u00bbpoliticas-de-regalos\u00bb][vc_column_text]<\/p>\n<h2>Pol\u00edticas de Regalos<\/h2>\n<p>[\/vc_column_text]<\/p>\n<div class=\"image wrap-box style-5 below\" style=\"\">\n<div class=\"wrap-box-inner\">\n<div class=\"shadow-wrap\"><img decoding=\"async\" class=\"wrap-box-element\" style=\" \" src=\"https:\/\/explomin.com\/es\/wp-content\/uploads\/2026\/03\/FireShot-Capture-841-explomin.com_.png\" alt=\"\"\/><\/div>\n<\/div>\n<\/div>\n<p><a class=\"button \" href=\"https:\/\/explomin.com\/es\/wp-content\/uploads\/2026\/03\/POL-SGC-02-Politica-de-Regalos_V06.pdf\" target=\"_blank\" style=\"background-color: ;\">Pol\u00edticas de regalos<\/a>[\/vc_tta_section][vc_tta_section title=\u00bbAlcance SIG\u00bb tab_id=\u00bbAlcance-SIG\u00bb][vc_column_text]<\/p>\n<h2>Alcance SIG<\/h2>\n<p>[\/vc_column_text]<\/p>\n<div class=\"image wrap-box style-5 below\" style=\"\">\n<div class=\"wrap-box-inner\">\n<div class=\"shadow-wrap\"><img decoding=\"async\" class=\"wrap-box-element\" style=\" \" src=\"https:\/\/explomin.com\/es\/wp-content\/uploads\/2025\/01\/sig-enero24.png\" alt=\"\"\/><\/div>\n<\/div>\n<\/div>\n<p><a class=\"button \" href=\"https:\/\/explomin.com\/es\/wp-content\/uploads\/2025\/01\/F-SIG-197-Alcance-del-Sistema-Integrado-de-Gestion.pdf\" target=\"_blank\" style=\"background-color: ;\">Descargar Alcance SIG<\/a>[\/vc_tta_section][\/vc_tta_tour][\/vc_column][\/vc_row][\/vc_section]<\/p>\n<\/div>","protected":false},"excerpt":{"rendered":"<p>[vc_section el_class=\u00bbcontent_politicas\u00bb][vc_row][vc_column css_animation=\u00bbbottom-to-top\u00bb][vc_tta_tour style=\u00bbmodern\u00bb shape=\u00bbsquare\u00bb color=\u00bbwhite\u00bb spacing=\u00bb\u00bb gap=\u00bb20&#8243; alignment=\u00bbcenter\u00bb active_section=\u00bb1&#8243;][vc_tta_section title=\u00bbPol\u00edticas de cumplimiento\u00bb tab_id=\u00bbpoliticas-de-cumplimiento\u00bb][vc_column_text] Pol\u00edticas de cumplimiento [\/vc_column_text][vc_row_inner][vc_column_inner width=\u00bb1\/1&#8243;][\/vc_column_inner][\/vc_row_inner][\/vc_tta_section][vc_tta_section title=\u00bbPol\u00edtica SIG-CSSMA\u00bb tab_id=\u00bbpoloticas-de-CSSMA\u00bb][vc_column_text] Pol\u00edtica SIG-CSSMA [\/vc_column_text][\/vc_tta_section][vc_tta_section title=\u00bbPol\u00edticas de regalos\u00bb tab_id=\u00bbpoliticas-de-regalos\u00bb][vc_column_text] Pol\u00edticas de Regalos [\/vc_column_text][\/vc_tta_section][vc_tta_section title=\u00bbAlcance SIG\u00bb tab_id=\u00bbAlcance-SIG\u00bb][vc_column_text] Alcance SIG [\/vc_column_text][\/vc_tta_section][\/vc_tta_tour][\/vc_column][\/vc_row][\/vc_section]<\/p>\n","protected":false},"author":1,"featured_media":0,"parent":0,"menu_order":3,"comment_status":"closed","ping_status":"closed","template":"","meta":{"_acf_changed":false,"footnotes":""},"class_list":["post-37","page","type-page","status-publish","hentry"],"acf":[],"_links":{"self":[{"href":"https:\/\/explomin.com\/es\/wp-json\/wp\/v2\/pages\/37","targetHints":{"allow":["GET"]}}],"collection":[{"href":"https:\/\/explomin.com\/es\/wp-json\/wp\/v2\/pages"}],"about":[{"href":"https:\/\/explomin.com\/es\/wp-json\/wp\/v2\/types\/page"}],"author":[{"embeddable":true,"href":"https:\/\/explomin.com\/es\/wp-json\/wp\/v2\/users\/1"}],"replies":[{"embeddable":true,"href":"https:\/\/explomin.com\/es\/wp-json\/wp\/v2\/comments?post=37"}],"version-history":[{"count":40,"href":"https:\/\/explomin.com\/es\/wp-json\/wp\/v2\/pages\/37\/revisions"}],"predecessor-version":[{"id":4829,"href":"https:\/\/explomin.com\/es\/wp-json\/wp\/v2\/pages\/37\/revisions\/4829"}],"wp:attachment":[{"href":"https:\/\/explomin.com\/es\/wp-json\/wp\/v2\/media?parent=37"}],"curies":[{"name":"wp","href":"https:\/\/api.w.org\/{rel}","templated":true}]}}