{"id":39,"date":"2021-03-19T04:58:25","date_gmt":"2021-03-19T04:58:25","guid":{"rendered":"http:\/\/localhost\/explomin\/?page_id=39"},"modified":"2025-02-27T20:57:55","modified_gmt":"2025-02-28T01:57:55","slug":"linea-etica","status":"publish","type":"page","link":"https:\/\/explomin.com\/es\/linea-etica\/","title":{"rendered":"L\u00ednea \u00c9tica"},"content":{"rendered":"<div class=\"wpb-content-wrapper\"><p>[vc_section el_class=\u00bblinea_etica_content\u00bb][vc_row][vc_column css_animation=\u00bbleft-to-right\u00bb width=\u00bb2\/3&#8243; el_class=\u00bbcod_etica_left\u00bb][vc_column_text]<\/p>\n<h4>NUESTRO C\u00d3DIGO DE \u00c9TICA<\/h4>\n<p>Somos una organizaci\u00f3n basada en principios y valores, lo que nos ha permitido construir una s\u00f3lida reputaci\u00f3n a lo largo del tiempo.<\/p>\n<p>Hoy, nuestro compromiso es fortalecer el prestigio ganado y para ello contamos con nuestro C\u00f3digo de \u00c9tica, documento que re\u00fane pautas y normas de obligatorio cumplimiento para todos los que formamos parte del equipo Explomin.[\/vc_column_text]<\/p>\n<div class=\"divider\"><\/div>\n<p><a class=\"button \" href=\"https:\/\/explomin.com\/es\/wp-content\/uploads\/2025\/02\/CODIGO_DE_ETICA-2025.pdf\" target=\"_blank\" style=\"background-color: ;\">Descargar C\u00f3digo<\/a><a class=\"button ver_popux venobox\" href=\"https:\/\/explomin.com\/es\/wp-content\/uploads\/2025\/01\/FLUJOGRAMA_HOSTIGAMIENTO-SEXUAL2.png\" target=\"_blank\" style=\"background-color: ;\">Ver flujo de atenci\u00f3n en caso de Hostigamiento sexual<\/a><\/p>\n<div class=\"divider\"><\/div>\n<div class=\"image wrap-box no-style below\" style=\"\">\n<div class=\"wrap-box-inner\"><img decoding=\"async\" class=\"wrap-box-element\" style=\" \" src=\"https:\/\/explomin.com\/es\/wp-content\/uploads\/2025\/02\/FLYER-LINEA-ETICA_EXPLOMIN_ESP-1.png\" alt=\"\"\/><\/div>\n<\/div>\n<p><a class=\"button \" href=\"https:\/\/secure.ethicspoint.com\/domain\/media\/en\/gui\/44437\/index.html\" target=\"_blank\" style=\"background-color: ;\">Presentar queja en l\u00ednea<\/a>[\/vc_column][vc_column css_animation=\u00bbright-to-left\u00bb width=\u00bb1\/3&#8243; el_class=\u00bbcod_etica_right\u00bb][vc_column_text el_class=\u00bbcenter_imagen\u00bb]<img loading=\"lazy\" decoding=\"async\" class=\"alignnone size-full wp-image-549\" src=\"https:\/\/explomin.com\/es\/wp-content\/uploads\/2022\/02\/linea-etica.png\" alt=\"\" width=\"160\" height=\"126\" \/>[\/vc_column_text][vc_column_text]<\/p>\n<h2><strong>Qu\u00e9<\/strong> debes<br \/>\n<strong>Reportar?<\/strong><\/h2>\n<ul>\n<li>Toda situaci\u00f3n que genere duda o sospecha del incumplimiento del C\u00f3digo de \u00c9tica.<\/li>\n<li>Es importante dar detalles para validar el reporte e iniciar el proceso de investigaci\u00f3n.<\/li>\n<li>\u00bfQui\u00e9n es el (los) responsable(s) \/ involucrado(s)?<\/li>\n<li>\u00bfCu\u00e1les son sus cargos o posiciones?<\/li>\n<li>\u00bfQu\u00e9 hizo? \/ \u00bfQu\u00e9 sucedi\u00f3?<\/li>\n<li>\u00bfD\u00f3nde ocurri\u00f3?<\/li>\n<li>\u00bfPor cu\u00e1nto tiempo sucedi\u00f3? \u00bfCu\u00e1ndo?<\/li>\n<li>\u00bfTodav\u00eda est\u00e1 ocurriendo?<\/li>\n<li>\u00bfD\u00f3nde existe evidencia o sustento que puedan ser validados por la compa\u00f1\u00eda?<\/li>\n<li>\u00bfQui\u00e9n m\u00e1s conoce \u00e9sta situaci\u00f3n?<\/li>\n<\/ul>\n<p>[\/vc_column_text][vc_column_text el_class=\u00bbtxt_reportar\u00bb]<\/p>\n<h2><strong>Qui\u00e9n<\/strong> puede<br \/>\n<strong>Reportar?<\/strong><\/h2>\n<p><img loading=\"lazy\" decoding=\"async\" class=\"alignnone size-full wp-image-551\" src=\"https:\/\/explomin.com\/es\/wp-content\/uploads\/2022\/02\/icon_colaboradores.png\" alt=\"\" width=\"43\" height=\"43\" \/><strong>Todos los Colaboradores de Explomin<\/strong><\/p>\n<p><img loading=\"lazy\" decoding=\"async\" class=\"alignnone size-full wp-image-553\" src=\"https:\/\/explomin.com\/es\/wp-content\/uploads\/2022\/02\/icon_proveedores.png\" alt=\"\" width=\"43\" height=\"43\" \/><strong>Proveedores o cualquier persona.<\/strong>[\/vc_column_text][\/vc_column][\/vc_row][\/vc_section]<\/p>\n<\/div>","protected":false},"excerpt":{"rendered":"<p>[vc_section el_class=\u00bblinea_etica_content\u00bb][vc_row][vc_column css_animation=\u00bbleft-to-right\u00bb width=\u00bb2\/3&#8243; el_class=\u00bbcod_etica_left\u00bb][vc_column_text] NUESTRO C\u00d3DIGO DE \u00c9TICA Somos una organizaci\u00f3n basada en principios y valores, lo que nos ha permitido construir una s\u00f3lida reputaci\u00f3n a lo largo del tiempo. Hoy, nuestro compromiso es fortalecer el prestigio ganado y&#8230;<\/p>\n","protected":false},"author":1,"featured_media":0,"parent":0,"menu_order":2,"comment_status":"closed","ping_status":"closed","template":"","meta":{"_acf_changed":false,"footnotes":""},"class_list":["post-39","page","type-page","status-publish","hentry"],"acf":[],"_links":{"self":[{"href":"https:\/\/explomin.com\/es\/wp-json\/wp\/v2\/pages\/39","targetHints":{"allow":["GET"]}}],"collection":[{"href":"https:\/\/explomin.com\/es\/wp-json\/wp\/v2\/pages"}],"about":[{"href":"https:\/\/explomin.com\/es\/wp-json\/wp\/v2\/types\/page"}],"author":[{"embeddable":true,"href":"https:\/\/explomin.com\/es\/wp-json\/wp\/v2\/users\/1"}],"replies":[{"embeddable":true,"href":"https:\/\/explomin.com\/es\/wp-json\/wp\/v2\/comments?post=39"}],"version-history":[{"count":42,"href":"https:\/\/explomin.com\/es\/wp-json\/wp\/v2\/pages\/39\/revisions"}],"predecessor-version":[{"id":3774,"href":"https:\/\/explomin.com\/es\/wp-json\/wp\/v2\/pages\/39\/revisions\/3774"}],"wp:attachment":[{"href":"https:\/\/explomin.com\/es\/wp-json\/wp\/v2\/media?parent=39"}],"curies":[{"name":"wp","href":"https:\/\/api.w.org\/{rel}","templated":true}]}}